{"id":1502,"date":"2020-05-08T15:02:24","date_gmt":"2020-05-08T13:02:24","guid":{"rendered":"http:\/\/ho-chi-minh-city.eu\/kinh-doanh-tai-ho-chi-minh\/"},"modified":"2026-02-27T16:51:38","modified_gmt":"2026-02-27T15:51:38","slug":"kinh-doanh-tai-ho-chi-minh","status":"publish","type":"page","link":"https:\/\/saigonme.eu\/vi\/kinh-doanh-tai-ho-chi-minh\/","title":{"rendered":"Kinh doanh t\u1ea1i h\u1ed3 ch\u00ed minh"},"content":{"rendered":"\t\t<div data-elementor-type=\"wp-page\" data-elementor-id=\"1502\" class=\"elementor elementor-1502 elementor-204\" data-elementor-post-type=\"page\">\n\t\t\t\t\t\t<section class=\"elementor-section elementor-top-section elementor-element elementor-element-a6378ac elementor-section-full_width elementor-section-height-min-height elementor-section-items-stretch elementor-section-height-default\" data-id=\"a6378ac\" data-element_type=\"section\" data-e-type=\"section\" data-settings=\"{&quot;background_background&quot;:&quot;classic&quot;}\">\n\t\t\t\t\t\t<div class=\"elementor-container elementor-column-gap-default\">\n\t\t\t\t\t<div class=\"elementor-column elementor-col-50 elementor-top-column elementor-element elementor-element-8ed3baf\" data-id=\"8ed3baf\" data-element_type=\"column\" data-e-type=\"column\">\n\t\t\t<div class=\"elementor-widget-wrap elementor-element-populated\">\n\t\t\t\t\t\t<div class=\"elementor-element elementor-element-df7a18c elementor-widget elementor-widget-spacer\" data-id=\"df7a18c\" data-element_type=\"widget\" data-e-type=\"widget\" data-widget_type=\"spacer.default\">\n\t\t\t\t<div class=\"elementor-widget-container\">\n\t\t\t\t\t\t\t<div class=\"elementor-spacer\">\n\t\t\t<div class=\"elementor-spacer-inner\"><\/div>\n\t\t<\/div>\n\t\t\t\t\t\t<\/div>\n\t\t\t\t<\/div>\n\t\t\t\t\t<\/div>\n\t\t<\/div>\n\t\t\t\t<div class=\"elementor-column elementor-col-50 elementor-top-column elementor-element elementor-element-d534613\" data-id=\"d534613\" data-element_type=\"column\" data-e-type=\"column\" data-settings=\"{&quot;background_background&quot;:&quot;classic&quot;}\">\n\t\t\t<div class=\"elementor-widget-wrap elementor-element-populated\">\n\t\t\t\t\t<div class=\"elementor-background-overlay\"><\/div>\n\t\t\t\t\t\t<div class=\"elementor-element elementor-element-9847dbe elementor-invisible elementor-widget elementor-widget-heading\" data-id=\"9847dbe\" data-element_type=\"widget\" data-e-type=\"widget\" data-settings=\"{&quot;_animation&quot;:&quot;fadeInUp&quot;}\" data-widget_type=\"heading.default\">\n\t\t\t\t<div class=\"elementor-widget-container\">\n\t\t\t\t\t<h1 class=\"elementor-heading-title elementor-size-default\">L\u00e0m vi\u1ec7c t\u1ea1i Th\u00e0nh ph\u1ed1 H\u1ed3 Ch\u00ed Minh<\/h1>\t\t\t\t<\/div>\n\t\t\t\t<\/div>\n\t\t\t\t<div class=\"elementor-element elementor-element-55c1df6 elementor-invisible elementor-widget elementor-widget-text-editor\" data-id=\"55c1df6\" data-element_type=\"widget\" data-e-type=\"widget\" data-settings=\"{&quot;_animation&quot;:&quot;fadeInUp&quot;}\" data-widget_type=\"text-editor.default\">\n\t\t\t\t<div class=\"elementor-widget-container\">\n\t\t\t\t\t\t\t\t\t<p>Khi t\u00f4i \u1edf Th\u00e0nh ph\u1ed1 H\u1ed3 Ch\u00ed Minh, t\u00f4i th\u00edch l\u00e0m vi\u1ec7c trong c\u00e1c v\u0103n ph\u00f2ng l\u00e0m vi\u1ec7c chung.<\/p><p>T\u00f4i c\u00f3 th\u1ec3 gi\u1edbi thi\u1ec7u v\u0103n ph\u00f2ng sau \u0111\u00e2y cho b\u1ea1n.<\/p>\t\t\t\t\t\t\t\t<\/div>\n\t\t\t\t<\/div>\n\t\t\t\t<div class=\"elementor-element elementor-element-68a575e elementor-widget-divider--view-line elementor-invisible elementor-widget elementor-widget-divider\" data-id=\"68a575e\" data-element_type=\"widget\" data-e-type=\"widget\" data-settings=\"{&quot;_animation&quot;:&quot;fadeInUp&quot;}\" data-widget_type=\"divider.default\">\n\t\t\t\t<div class=\"elementor-widget-container\">\n\t\t\t\t\t\t\t<div class=\"elementor-divider\">\n\t\t\t<span class=\"elementor-divider-separator\">\n\t\t\t\t\t\t<\/span>\n\t\t<\/div>\n\t\t\t\t\t\t<\/div>\n\t\t\t\t<\/div>\n\t\t\t\t<div class=\"elementor-element elementor-element-5b974c1 elementor-button-danger elementor-align-center elementor-invisible elementor-widget elementor-widget-button\" data-id=\"5b974c1\" data-element_type=\"widget\" data-e-type=\"widget\" data-settings=\"{&quot;_animation&quot;:&quot;fadeInUp&quot;}\" data-widget_type=\"button.default\">\n\t\t\t\t<div class=\"elementor-widget-container\">\n\t\t\t\t\t\t\t\t\t<div class=\"elementor-button-wrapper\">\n\t\t\t\t\t<a class=\"elementor-button elementor-button-link elementor-size-md\" href=\"https:\/\/saigonme.eu\/vi\/kinh-doanh-tai-ho-chi-minh\/coworking\/\">\n\t\t\t\t\t\t<span class=\"elementor-button-content-wrapper\">\n\t\t\t\t\t\t\t\t\t<span class=\"elementor-button-text\">Coworking<\/span>\n\t\t\t\t\t<\/span>\n\t\t\t\t\t<\/a>\n\t\t\t\t<\/div>\n\t\t\t\t\t\t\t\t<\/div>\n\t\t\t\t<\/div>\n\t\t\t\t\t<\/div>\n\t\t<\/div>\n\t\t\t\t\t<\/div>\n\t\t<\/section>\n\t\t<div class=\"elementor-element elementor-element-f9243e9 e-flex e-con-boxed e-con e-parent\" data-id=\"f9243e9\" data-element_type=\"container\" data-e-type=\"container\">\n\t\t\t\t\t<div class=\"e-con-inner\">\n\t\t\t\t\t<\/div>\n\t\t\t\t<\/div>\n\t\t\t\t<\/div>\n\t\t","protected":false},"excerpt":{"rendered":"<p>L\u00e0m vi\u1ec7c t\u1ea1i Th\u00e0nh ph\u1ed1 H\u1ed3 Ch\u00ed Minh Khi t\u00f4i \u1edf Th\u00e0nh ph\u1ed1 H\u1ed3 Ch\u00ed Minh, t\u00f4i th\u00edch l\u00e0m vi\u1ec7c trong c\u00e1c v\u0103n ph\u00f2ng l\u00e0m vi\u1ec7c chung. T\u00f4i c\u00f3 th\u1ec3 gi\u1edbi thi\u1ec7u v\u0103n ph\u00f2ng sau \u0111\u00e2y cho b\u1ea1n. Coworking<\/p>\n","protected":false},"author":1,"featured_media":0,"parent":0,"menu_order":0,"comment_status":"closed","ping_status":"closed","template":"","meta":{"footnotes":""},"class_list":["post-1502","page","type-page","status-publish","hentry"],"yoast_head":"<!-- This site is optimized with the Yoast SEO plugin v27.0 - https:\/\/yoast.com\/product\/yoast-seo-wordpress\/ -->\n<title>Kinh doanh t\u1ea1i th\u00e0nh ph\u1ed1 H\u1ed3 Ch\u00ed Minh - SaigonMe<\/title>\n<meta name=\"description\" content=\"V\u0103n ph\u00f2ng l\u00e0m vi\u1ec7c chung t\u1ea1i Th\u00e0nh ph\u1ed1 H\u1ed3 Ch\u00ed Minh. T\u00f4i c\u00f3 th\u1ec3 gi\u1edbi thi\u1ec7u v\u0103n ph\u00f2ng sau \u0111\u00e2y cho b\u1ea1n.\" \/>\n<meta name=\"robots\" content=\"index, follow, max-snippet:-1, max-image-preview:large, max-video-preview:-1\" \/>\n<link rel=\"canonical\" href=\"https:\/\/saigonme.eu\/vi\/kinh-doanh-tai-ho-chi-minh\/\" \/>\n<meta property=\"og:locale\" content=\"vi_VN\" \/>\n<meta property=\"og:type\" content=\"article\" \/>\n<meta property=\"og:title\" content=\"Kinh doanh t\u1ea1i th\u00e0nh ph\u1ed1 H\u1ed3 Ch\u00ed Minh - SaigonMe\" \/>\n<meta property=\"og:description\" content=\"V\u0103n ph\u00f2ng l\u00e0m vi\u1ec7c chung t\u1ea1i Th\u00e0nh ph\u1ed1 H\u1ed3 Ch\u00ed Minh. T\u00f4i c\u00f3 th\u1ec3 gi\u1edbi thi\u1ec7u v\u0103n ph\u00f2ng sau \u0111\u00e2y cho b\u1ea1n.\" \/>\n<meta property=\"og:url\" content=\"https:\/\/saigonme.eu\/vi\/kinh-doanh-tai-ho-chi-minh\/\" \/>\n<meta property=\"og:site_name\" content=\"SaigonMe\" \/>\n<meta property=\"article:modified_time\" content=\"2026-02-27T15:51:38+00:00\" \/>\n<meta property=\"og:image\" content=\"https:\/\/saigonme.eu\/wp-content\/uploads\/2020\/02\/Radfahrerin-staubwedel-hcm.jpg\" \/>\n\t<meta property=\"og:image:width\" content=\"1600\" \/>\n\t<meta property=\"og:image:height\" content=\"1043\" \/>\n\t<meta property=\"og:image:type\" content=\"image\/jpeg\" \/>\n<meta name=\"twitter:card\" content=\"summary_large_image\" \/>\n<script type=\"application\/ld+json\" class=\"yoast-schema-graph\">{\"@context\":\"https:\/\/schema.org\",\"@graph\":[{\"@type\":\"WebPage\",\"@id\":\"https:\/\/saigonme.eu\/vi\/kinh-doanh-tai-ho-chi-minh\/\",\"url\":\"https:\/\/saigonme.eu\/vi\/kinh-doanh-tai-ho-chi-minh\/\",\"name\":\"Kinh doanh t\u1ea1i th\u00e0nh ph\u1ed1 H\u1ed3 Ch\u00ed Minh - SaigonMe\",\"isPartOf\":{\"@id\":\"https:\/\/saigonme.eu\/vi\/#website\"},\"datePublished\":\"2020-05-08T13:02:24+00:00\",\"dateModified\":\"2026-02-27T15:51:38+00:00\",\"description\":\"V\u0103n ph\u00f2ng l\u00e0m vi\u1ec7c chung t\u1ea1i Th\u00e0nh ph\u1ed1 H\u1ed3 Ch\u00ed Minh. T\u00f4i c\u00f3 th\u1ec3 gi\u1edbi thi\u1ec7u v\u0103n ph\u00f2ng sau \u0111\u00e2y cho b\u1ea1n.\",\"breadcrumb\":{\"@id\":\"https:\/\/saigonme.eu\/vi\/kinh-doanh-tai-ho-chi-minh\/#breadcrumb\"},\"inLanguage\":\"vi-VN\",\"potentialAction\":[{\"@type\":\"ReadAction\",\"target\":[\"https:\/\/saigonme.eu\/vi\/kinh-doanh-tai-ho-chi-minh\/\"]}]},{\"@type\":\"BreadcrumbList\",\"@id\":\"https:\/\/saigonme.eu\/vi\/kinh-doanh-tai-ho-chi-minh\/#breadcrumb\",\"itemListElement\":[{\"@type\":\"ListItem\",\"position\":1,\"name\":\"Home\",\"item\":\"https:\/\/saigonme.eu\/vi\/saigonme\/\"},{\"@type\":\"ListItem\",\"position\":2,\"name\":\"Kinh doanh t\u1ea1i h\u1ed3 ch\u00ed minh\"}]},{\"@type\":\"WebSite\",\"@id\":\"https:\/\/saigonme.eu\/vi\/#website\",\"url\":\"https:\/\/saigonme.eu\/vi\/\",\"name\":\"SaigonMe\",\"description\":\"Your gateway to Ho Chi Minh City\",\"publisher\":{\"@id\":\"https:\/\/saigonme.eu\/vi\/#\/schema\/person\/4440e38fac732e7b1ace2523360a7c12\"},\"potentialAction\":[{\"@type\":\"SearchAction\",\"target\":{\"@type\":\"EntryPoint\",\"urlTemplate\":\"https:\/\/saigonme.eu\/vi\/?s={search_term_string}\"},\"query-input\":{\"@type\":\"PropertyValueSpecification\",\"valueRequired\":true,\"valueName\":\"search_term_string\"}}],\"inLanguage\":\"vi-VN\"},{\"@type\":[\"Person\",\"Organization\"],\"@id\":\"https:\/\/saigonme.eu\/vi\/#\/schema\/person\/4440e38fac732e7b1ace2523360a7c12\",\"name\":\"SaigonMe\",\"image\":{\"@type\":\"ImageObject\",\"inLanguage\":\"vi-VN\",\"@id\":\"https:\/\/saigonme.eu\/vi\/#\/schema\/person\/image\/\",\"url\":\"http:\/\/saigonme.eu\/wp-content\/uploads\/2022\/03\/logo-leicht-1.png\",\"contentUrl\":\"http:\/\/saigonme.eu\/wp-content\/uploads\/2022\/03\/logo-leicht-1.png\",\"width\":377,\"height\":118,\"caption\":\"SaigonMe\"},\"logo\":{\"@id\":\"https:\/\/saigonme.eu\/vi\/#\/schema\/person\/image\/\"}}]}<\/script>\n<!-- \/ Yoast SEO plugin. -->","yoast_head_json":{"title":"Kinh doanh t\u1ea1i th\u00e0nh ph\u1ed1 H\u1ed3 Ch\u00ed Minh - SaigonMe","description":"V\u0103n ph\u00f2ng l\u00e0m vi\u1ec7c chung t\u1ea1i Th\u00e0nh ph\u1ed1 H\u1ed3 Ch\u00ed Minh. T\u00f4i c\u00f3 th\u1ec3 gi\u1edbi thi\u1ec7u v\u0103n ph\u00f2ng sau \u0111\u00e2y cho b\u1ea1n.","robots":{"index":"index","follow":"follow","max-snippet":"max-snippet:-1","max-image-preview":"max-image-preview:large","max-video-preview":"max-video-preview:-1"},"canonical":"https:\/\/saigonme.eu\/vi\/kinh-doanh-tai-ho-chi-minh\/","og_locale":"vi_VN","og_type":"article","og_title":"Kinh doanh t\u1ea1i th\u00e0nh ph\u1ed1 H\u1ed3 Ch\u00ed Minh - SaigonMe","og_description":"V\u0103n ph\u00f2ng l\u00e0m vi\u1ec7c chung t\u1ea1i Th\u00e0nh ph\u1ed1 H\u1ed3 Ch\u00ed Minh. T\u00f4i c\u00f3 th\u1ec3 gi\u1edbi thi\u1ec7u v\u0103n ph\u00f2ng sau \u0111\u00e2y cho b\u1ea1n.","og_url":"https:\/\/saigonme.eu\/vi\/kinh-doanh-tai-ho-chi-minh\/","og_site_name":"SaigonMe","article_modified_time":"2026-02-27T15:51:38+00:00","og_image":[{"width":1600,"height":1043,"url":"https:\/\/saigonme.eu\/wp-content\/uploads\/2020\/02\/Radfahrerin-staubwedel-hcm.jpg","type":"image\/jpeg"}],"twitter_card":"summary_large_image","schema":{"@context":"https:\/\/schema.org","@graph":[{"@type":"WebPage","@id":"https:\/\/saigonme.eu\/vi\/kinh-doanh-tai-ho-chi-minh\/","url":"https:\/\/saigonme.eu\/vi\/kinh-doanh-tai-ho-chi-minh\/","name":"Kinh doanh t\u1ea1i th\u00e0nh ph\u1ed1 H\u1ed3 Ch\u00ed Minh - SaigonMe","isPartOf":{"@id":"https:\/\/saigonme.eu\/vi\/#website"},"datePublished":"2020-05-08T13:02:24+00:00","dateModified":"2026-02-27T15:51:38+00:00","description":"V\u0103n ph\u00f2ng l\u00e0m vi\u1ec7c chung t\u1ea1i Th\u00e0nh ph\u1ed1 H\u1ed3 Ch\u00ed Minh. T\u00f4i c\u00f3 th\u1ec3 gi\u1edbi thi\u1ec7u v\u0103n ph\u00f2ng sau \u0111\u00e2y cho b\u1ea1n.","breadcrumb":{"@id":"https:\/\/saigonme.eu\/vi\/kinh-doanh-tai-ho-chi-minh\/#breadcrumb"},"inLanguage":"vi-VN","potentialAction":[{"@type":"ReadAction","target":["https:\/\/saigonme.eu\/vi\/kinh-doanh-tai-ho-chi-minh\/"]}]},{"@type":"BreadcrumbList","@id":"https:\/\/saigonme.eu\/vi\/kinh-doanh-tai-ho-chi-minh\/#breadcrumb","itemListElement":[{"@type":"ListItem","position":1,"name":"Home","item":"https:\/\/saigonme.eu\/vi\/saigonme\/"},{"@type":"ListItem","position":2,"name":"Kinh doanh t\u1ea1i h\u1ed3 ch\u00ed minh"}]},{"@type":"WebSite","@id":"https:\/\/saigonme.eu\/vi\/#website","url":"https:\/\/saigonme.eu\/vi\/","name":"SaigonMe","description":"Your gateway to Ho Chi Minh City","publisher":{"@id":"https:\/\/saigonme.eu\/vi\/#\/schema\/person\/4440e38fac732e7b1ace2523360a7c12"},"potentialAction":[{"@type":"SearchAction","target":{"@type":"EntryPoint","urlTemplate":"https:\/\/saigonme.eu\/vi\/?s={search_term_string}"},"query-input":{"@type":"PropertyValueSpecification","valueRequired":true,"valueName":"search_term_string"}}],"inLanguage":"vi-VN"},{"@type":["Person","Organization"],"@id":"https:\/\/saigonme.eu\/vi\/#\/schema\/person\/4440e38fac732e7b1ace2523360a7c12","name":"SaigonMe","image":{"@type":"ImageObject","inLanguage":"vi-VN","@id":"https:\/\/saigonme.eu\/vi\/#\/schema\/person\/image\/","url":"http:\/\/saigonme.eu\/wp-content\/uploads\/2022\/03\/logo-leicht-1.png","contentUrl":"http:\/\/saigonme.eu\/wp-content\/uploads\/2022\/03\/logo-leicht-1.png","width":377,"height":118,"caption":"SaigonMe"},"logo":{"@id":"https:\/\/saigonme.eu\/vi\/#\/schema\/person\/image\/"}}]}},"_links":{"self":[{"href":"https:\/\/saigonme.eu\/vi\/wp-json\/wp\/v2\/pages\/1502","targetHints":{"allow":["GET"]}}],"collection":[{"href":"https:\/\/saigonme.eu\/vi\/wp-json\/wp\/v2\/pages"}],"about":[{"href":"https:\/\/saigonme.eu\/vi\/wp-json\/wp\/v2\/types\/page"}],"author":[{"embeddable":true,"href":"https:\/\/saigonme.eu\/vi\/wp-json\/wp\/v2\/users\/1"}],"replies":[{"embeddable":true,"href":"https:\/\/saigonme.eu\/vi\/wp-json\/wp\/v2\/comments?post=1502"}],"version-history":[{"count":3,"href":"https:\/\/saigonme.eu\/vi\/wp-json\/wp\/v2\/pages\/1502\/revisions"}],"predecessor-version":[{"id":10678,"href":"https:\/\/saigonme.eu\/vi\/wp-json\/wp\/v2\/pages\/1502\/revisions\/10678"}],"wp:attachment":[{"href":"https:\/\/saigonme.eu\/vi\/wp-json\/wp\/v2\/media?parent=1502"}],"curies":[{"name":"wp","href":"https:\/\/api.w.org\/{rel}","templated":true}]}}