{"id":1515,"date":"2020-05-08T15:06:42","date_gmt":"2020-05-08T13:06:42","guid":{"rendered":"http:\/\/ho-chi-minh-city.eu\/kinh-doanh-tai-ho-chi-minh\/coworking\/"},"modified":"2022-10-05T17:09:09","modified_gmt":"2022-10-05T15:09:09","slug":"coworking","status":"publish","type":"page","link":"https:\/\/saigonme.eu\/vi\/kinh-doanh-tai-ho-chi-minh\/coworking\/","title":{"rendered":"Coworking office"},"content":{"rendered":"\t\t<div data-elementor-type=\"wp-page\" data-elementor-id=\"1515\" class=\"elementor elementor-1515 elementor-224\" data-elementor-post-type=\"page\">\n\t\t\t\t\t\t<section class=\"elementor-section elementor-top-section elementor-element elementor-element-12efe658 elementor-section-boxed elementor-section-height-default elementor-section-height-default\" data-id=\"12efe658\" data-element_type=\"section\" data-e-type=\"section\">\n\t\t\t\t\t\t<div class=\"elementor-container elementor-column-gap-default\">\n\t\t\t\t\t<div class=\"elementor-column elementor-col-100 elementor-top-column elementor-element elementor-element-6110d60\" data-id=\"6110d60\" data-element_type=\"column\" data-e-type=\"column\">\n\t\t\t<div class=\"elementor-widget-wrap elementor-element-populated\">\n\t\t\t\t\t\t<div class=\"elementor-element elementor-element-4c824d15 elementor-widget-divider--view-line_text elementor-widget-divider--element-align-center elementor-widget elementor-widget-divider\" data-id=\"4c824d15\" data-element_type=\"widget\" data-e-type=\"widget\" data-widget_type=\"divider.default\">\n\t\t\t\t<div class=\"elementor-widget-container\">\n\t\t\t\t\t\t\t<div class=\"elementor-divider\">\n\t\t\t<span class=\"elementor-divider-separator\">\n\t\t\t\t\t\t\t<span class=\"elementor-divider__text elementor-divider__element\">\n\t\t\t\tCoworking office\t\t\t\t<\/span>\n\t\t\t\t\t\t<\/span>\n\t\t<\/div>\n\t\t\t\t\t\t<\/div>\n\t\t\t\t<\/div>\n\t\t\t\t\t<\/div>\n\t\t<\/div>\n\t\t\t\t\t<\/div>\n\t\t<\/section>\n\t\t\t\t<section class=\"elementor-section elementor-top-section elementor-element elementor-element-cca7884 elementor-section-boxed elementor-section-height-default elementor-section-height-default\" data-id=\"cca7884\" data-element_type=\"section\" data-e-type=\"section\">\n\t\t\t\t\t\t<div class=\"elementor-container elementor-column-gap-default\">\n\t\t\t\t\t<div class=\"elementor-column elementor-col-50 elementor-top-column elementor-element elementor-element-6b40746\" data-id=\"6b40746\" data-element_type=\"column\" data-e-type=\"column\">\n\t\t\t<div class=\"elementor-widget-wrap elementor-element-populated\">\n\t\t\t\t\t\t<div class=\"elementor-element elementor-element-fe6128f elementor-arrows-position-inside elementor-widget elementor-widget-image-carousel\" data-id=\"fe6128f\" data-element_type=\"widget\" data-e-type=\"widget\" data-settings=\"{&quot;slides_to_show&quot;:&quot;1&quot;,&quot;navigation&quot;:&quot;arrows&quot;,&quot;autoplay&quot;:&quot;yes&quot;,&quot;pause_on_hover&quot;:&quot;yes&quot;,&quot;pause_on_interaction&quot;:&quot;yes&quot;,&quot;autoplay_speed&quot;:5000,&quot;infinite&quot;:&quot;yes&quot;,&quot;effect&quot;:&quot;slide&quot;,&quot;speed&quot;:500}\" data-widget_type=\"image-carousel.default\">\n\t\t\t\t<div class=\"elementor-widget-container\">\n\t\t\t\t\t\t\t<div class=\"elementor-image-carousel-wrapper swiper\" role=\"region\" aria-roledescription=\"carousel\" aria-label=\"Image Carousel\" dir=\"ltr\">\n\t\t\t<div class=\"elementor-image-carousel swiper-wrapper\" aria-live=\"off\">\n\t\t\t\t\t\t\t\t<div class=\"swiper-slide\" role=\"group\" aria-roledescription=\"slide\" aria-label=\"1 of 8\"><a data-elementor-open-lightbox=\"yes\" data-elementor-lightbox-slideshow=\"fe6128f\" data-e-action-hash=\"#elementor-action%3Aaction%3Dlightbox%26settings%3DeyJpZCI6OTI5OSwidXJsIjoiaHR0cHM6XC9cL3NhaWdvbm1lLmV1XC93cC1jb250ZW50XC91cGxvYWRzXC8yMDIyXC8xMFwvaGVsLXNhaS0wLTEuanBnIiwic2xpZGVzaG93IjoiZmU2MTI4ZiJ9\" href=\"https:\/\/saigonme.eu\/wp-content\/uploads\/2022\/10\/hel-sai-0-1.jpg\"><figure class=\"swiper-slide-inner\"><img decoding=\"async\" class=\"swiper-slide-image\" src=\"https:\/\/saigonme.eu\/wp-content\/uploads\/2022\/10\/hel-sai-0-1.jpg\" alt=\"hel-sai-0\" \/><\/figure><\/a><\/div><div class=\"swiper-slide\" role=\"group\" aria-roledescription=\"slide\" aria-label=\"2 of 8\"><a data-elementor-open-lightbox=\"yes\" data-elementor-lightbox-slideshow=\"fe6128f\" data-e-action-hash=\"#elementor-action%3Aaction%3Dlightbox%26settings%3DeyJpZCI6OTI3MiwidXJsIjoiaHR0cHM6XC9cL3NhaWdvbm1lLmV1XC93cC1jb250ZW50XC91cGxvYWRzXC8yMDIyXC8xMFwvaGVsLXNhaS0yLmpwZyIsInNsaWRlc2hvdyI6ImZlNjEyOGYifQ%3D%3D\" href=\"https:\/\/saigonme.eu\/wp-content\/uploads\/2022\/10\/hel-sai-2.jpg\"><figure class=\"swiper-slide-inner\"><img decoding=\"async\" class=\"swiper-slide-image\" src=\"https:\/\/saigonme.eu\/wp-content\/uploads\/2022\/10\/hel-sai-2.jpg\" alt=\"hel-sai-2\" \/><\/figure><\/a><\/div><div class=\"swiper-slide\" role=\"group\" aria-roledescription=\"slide\" aria-label=\"3 of 8\"><a data-elementor-open-lightbox=\"yes\" data-elementor-lightbox-slideshow=\"fe6128f\" data-e-action-hash=\"#elementor-action%3Aaction%3Dlightbox%26settings%3DeyJpZCI6OTI3NSwidXJsIjoiaHR0cHM6XC9cL3NhaWdvbm1lLmV1XC93cC1jb250ZW50XC91cGxvYWRzXC8yMDIyXC8xMFwvaGVsLXNhaS0xLmpwZyIsInNsaWRlc2hvdyI6ImZlNjEyOGYifQ%3D%3D\" href=\"https:\/\/saigonme.eu\/wp-content\/uploads\/2022\/10\/hel-sai-1.jpg\"><figure class=\"swiper-slide-inner\"><img decoding=\"async\" class=\"swiper-slide-image\" src=\"https:\/\/saigonme.eu\/wp-content\/uploads\/2022\/10\/hel-sai-1.jpg\" alt=\"hel-sai-1\" \/><\/figure><\/a><\/div><div class=\"swiper-slide\" role=\"group\" aria-roledescription=\"slide\" aria-label=\"4 of 8\"><a data-elementor-open-lightbox=\"yes\" data-elementor-lightbox-slideshow=\"fe6128f\" data-e-action-hash=\"#elementor-action%3Aaction%3Dlightbox%26settings%3DeyJpZCI6OTI4NywidXJsIjoiaHR0cHM6XC9cL3NhaWdvbm1lLmV1XC93cC1jb250ZW50XC91cGxvYWRzXC8yMDIyXC8xMFwvaGVsLXNhaS02LmpwZyIsInNsaWRlc2hvdyI6ImZlNjEyOGYifQ%3D%3D\" href=\"https:\/\/saigonme.eu\/wp-content\/uploads\/2022\/10\/hel-sai-6.jpg\"><figure class=\"swiper-slide-inner\"><img decoding=\"async\" class=\"swiper-slide-image\" src=\"https:\/\/saigonme.eu\/wp-content\/uploads\/2022\/10\/hel-sai-6.jpg\" alt=\"hel-sai-6\" \/><\/figure><\/a><\/div><div class=\"swiper-slide\" role=\"group\" aria-roledescription=\"slide\" aria-label=\"5 of 8\"><a data-elementor-open-lightbox=\"yes\" data-elementor-lightbox-slideshow=\"fe6128f\" data-e-action-hash=\"#elementor-action%3Aaction%3Dlightbox%26settings%3DeyJpZCI6OTI4MSwidXJsIjoiaHR0cHM6XC9cL3NhaWdvbm1lLmV1XC93cC1jb250ZW50XC91cGxvYWRzXC8yMDIyXC8xMFwvaGVsLXNhaS0zLmpwZyIsInNsaWRlc2hvdyI6ImZlNjEyOGYifQ%3D%3D\" href=\"https:\/\/saigonme.eu\/wp-content\/uploads\/2022\/10\/hel-sai-3.jpg\"><figure class=\"swiper-slide-inner\"><img decoding=\"async\" class=\"swiper-slide-image\" src=\"https:\/\/saigonme.eu\/wp-content\/uploads\/2022\/10\/hel-sai-3.jpg\" alt=\"hel-sai-3\" \/><\/figure><\/a><\/div><div class=\"swiper-slide\" role=\"group\" aria-roledescription=\"slide\" aria-label=\"6 of 8\"><a data-elementor-open-lightbox=\"yes\" data-elementor-lightbox-slideshow=\"fe6128f\" data-e-action-hash=\"#elementor-action%3Aaction%3Dlightbox%26settings%3DeyJpZCI6OTI4NCwidXJsIjoiaHR0cHM6XC9cL3NhaWdvbm1lLmV1XC93cC1jb250ZW50XC91cGxvYWRzXC8yMDIyXC8xMFwvaGVsLXNhaS00LmpwZyIsInNsaWRlc2hvdyI6ImZlNjEyOGYifQ%3D%3D\" href=\"https:\/\/saigonme.eu\/wp-content\/uploads\/2022\/10\/hel-sai-4.jpg\"><figure class=\"swiper-slide-inner\"><img decoding=\"async\" class=\"swiper-slide-image\" src=\"https:\/\/saigonme.eu\/wp-content\/uploads\/2022\/10\/hel-sai-4.jpg\" alt=\"hel-sai-4\" \/><\/figure><\/a><\/div><div class=\"swiper-slide\" role=\"group\" aria-roledescription=\"slide\" aria-label=\"7 of 8\"><a data-elementor-open-lightbox=\"yes\" data-elementor-lightbox-slideshow=\"fe6128f\" data-e-action-hash=\"#elementor-action%3Aaction%3Dlightbox%26settings%3DeyJpZCI6OTI5MCwidXJsIjoiaHR0cHM6XC9cL3NhaWdvbm1lLmV1XC93cC1jb250ZW50XC91cGxvYWRzXC8yMDIyXC8xMFwvaGVsLXNhaS01LmpwZyIsInNsaWRlc2hvdyI6ImZlNjEyOGYifQ%3D%3D\" href=\"https:\/\/saigonme.eu\/wp-content\/uploads\/2022\/10\/hel-sai-5.jpg\"><figure class=\"swiper-slide-inner\"><img decoding=\"async\" class=\"swiper-slide-image\" src=\"https:\/\/saigonme.eu\/wp-content\/uploads\/2022\/10\/hel-sai-5.jpg\" alt=\"hel-sai-5\" \/><\/figure><\/a><\/div><div class=\"swiper-slide\" role=\"group\" aria-roledescription=\"slide\" aria-label=\"8 of 8\"><a data-elementor-open-lightbox=\"yes\" data-elementor-lightbox-slideshow=\"fe6128f\" data-e-action-hash=\"#elementor-action%3Aaction%3Dlightbox%26settings%3DeyJpZCI6OTI5MywidXJsIjoiaHR0cHM6XC9cL3NhaWdvbm1lLmV1XC93cC1jb250ZW50XC91cGxvYWRzXC8yMDIyXC8xMFwvaGVsLXNhaS03LmpwZyIsInNsaWRlc2hvdyI6ImZlNjEyOGYifQ%3D%3D\" href=\"https:\/\/saigonme.eu\/wp-content\/uploads\/2022\/10\/hel-sai-7.jpg\"><figure class=\"swiper-slide-inner\"><img decoding=\"async\" class=\"swiper-slide-image\" src=\"https:\/\/saigonme.eu\/wp-content\/uploads\/2022\/10\/hel-sai-7.jpg\" alt=\"hel-sai-7\" \/><\/figure><\/a><\/div>\t\t\t<\/div>\n\t\t\t\t\t\t\t\t\t\t\t\t<div class=\"elementor-swiper-button elementor-swiper-button-prev\" role=\"button\" tabindex=\"0\">\n\t\t\t\t\t\t<i aria-hidden=\"true\" class=\"eicon-chevron-left\"><\/i>\t\t\t\t\t<\/div>\n\t\t\t\t\t<div class=\"elementor-swiper-button elementor-swiper-button-next\" role=\"button\" tabindex=\"0\">\n\t\t\t\t\t\t<i aria-hidden=\"true\" class=\"eicon-chevron-right\"><\/i>\t\t\t\t\t<\/div>\n\t\t\t\t\n\t\t\t\t\t\t\t\t\t<\/div>\n\t\t\t\t\t\t<\/div>\n\t\t\t\t<\/div>\n\t\t\t\t\t<\/div>\n\t\t<\/div>\n\t\t\t\t<div class=\"elementor-column elementor-col-50 elementor-top-column elementor-element elementor-element-78b9d3b\" data-id=\"78b9d3b\" data-element_type=\"column\" data-e-type=\"column\">\n\t\t\t<div class=\"elementor-widget-wrap elementor-element-populated\">\n\t\t\t\t\t\t<div class=\"elementor-element elementor-element-8ad2b4e elementor-widget elementor-widget-text-editor\" data-id=\"8ad2b4e\" data-element_type=\"widget\" data-e-type=\"widget\" data-widget_type=\"text-editor.default\">\n\t\t\t\t<div class=\"elementor-widget-container\">\n\t\t\t\t\t\t\t\t\t<h2>Hello World Saigon<\/h2>\n\t\t\t\t\t\t\t\t<\/div>\n\t\t\t\t<\/div>\n\t\t\t\t<div class=\"elementor-element elementor-element-53d5701 elementor-widget-divider--view-line elementor-widget elementor-widget-divider\" data-id=\"53d5701\" data-element_type=\"widget\" data-e-type=\"widget\" data-widget_type=\"divider.default\">\n\t\t\t\t<div class=\"elementor-widget-container\">\n\t\t\t\t\t\t\t<div class=\"elementor-divider\">\n\t\t\t<span class=\"elementor-divider-separator\">\n\t\t\t\t\t\t<\/span>\n\t\t<\/div>\n\t\t\t\t\t\t<\/div>\n\t\t\t\t<\/div>\n\t\t\t\t<div class=\"elementor-element elementor-element-e13fae9 elementor-widget elementor-widget-text-editor\" data-id=\"e13fae9\" data-element_type=\"widget\" data-e-type=\"widget\" data-widget_type=\"text-editor.default\">\n\t\t\t\t<div class=\"elementor-widget-container\">\n\t\t\t\t\t\t\t\t\t<p>Khi t\u00f4i \u1edf Th\u00e0nh ph\u1ed1 H\u1ed3 Ch\u00ed Minh, t\u00f4i th\u00edch l\u00e0m vi\u1ec7c t\u1ea1i HELLO WORLD Saigon | V\u0103n ph\u00f2ng kh\u00f4ng gian l\u00e0m vi\u1ec7c chung.<\/p>\n<p>T\u00f4i r\u1ea5t khuy\u00ean b\u1ea1n n\u00ean kh\u00f4ng gian l\u00e0m vi\u1ec7c chung n\u00e0y.<\/p>\n<p>M\u1ecdi ng\u01b0\u1eddi r\u1ea5t t\u1ed1t b\u1ee5ng v\u00e0 chu \u0111\u00e1o. B\u1ea1n c\u00f3 th\u1ec3 g\u1eb7p r\u1ea5t nhi\u1ec1u ng\u01b0\u1eddi th\u00fa v\u1ecb \u1edf \u0111\u00f3. Th\u1eadt th\u00fa v\u1ecb khi l\u00e0m vi\u1ec7c t\u1ea1i<\/p>\n<p><a href=\"https:\/\/www.helloworldsaigon.com\/\" target=\"_blank\" rel=\"noopener\">Hello World Saigon<\/a><\/p>\n\t\t\t\t\t\t\t\t<\/div>\n\t\t\t\t<\/div>\n\t\t\t\t<div class=\"elementor-element elementor-element-4bb22af elementor-widget__width-auto elementor-absolute elementor-hidden-phone elementor-hidden-desktop elementor-hidden-tablet elementor-view-default elementor-widget elementor-widget-icon\" data-id=\"4bb22af\" data-element_type=\"widget\" data-e-type=\"widget\" data-settings=\"{&quot;_position&quot;:&quot;absolute&quot;}\" data-widget_type=\"icon.default\">\n\t\t\t\t<div class=\"elementor-widget-container\">\n\t\t\t\t\t\t\t<div class=\"elementor-icon-wrapper\">\n\t\t\t<a class=\"elementor-icon\" href=\"https:\/\/saigonme.eu\/vi\/kinh-doanh-tai-ho-chi-minh\/\">\n\t\t\t<svg xmlns=\"http:\/\/www.w3.org\/2000\/svg\" xmlns:xlink=\"http:\/\/www.w3.org\/1999\/xlink\" xmlns:serif=\"http:\/\/www.serif.com\/\" width=\"100%\" height=\"100%\" viewBox=\"0 0 1000 1000\" xml:space=\"preserve\" style=\"fill-rule:evenodd;clip-rule:evenodd;stroke-linejoin:round;stroke-miterlimit:2;\"> <g> <path d=\"M945.7,989.4L10,53.8L54.3,9.4L990,945.1L945.7,989.4Z\" style=\"fill-rule:nonzero;\"><\/path> <path d=\"M10,946.2L945.7,10.6L990,54.9L54.3,990.6L10,946.2Z\" style=\"fill-rule:nonzero;\"><\/path> <\/g> <\/svg>\t\t\t<\/a>\n\t\t<\/div>\n\t\t\t\t\t\t<\/div>\n\t\t\t\t<\/div>\n\t\t\t\t\t<\/div>\n\t\t<\/div>\n\t\t\t\t\t<\/div>\n\t\t<\/section>\n\t\t\t\t<section class=\"elementor-section elementor-top-section elementor-element elementor-element-077ac91 elementor-section-boxed elementor-section-height-default elementor-section-height-default\" data-id=\"077ac91\" data-element_type=\"section\" data-e-type=\"section\">\n\t\t\t\t\t\t<div class=\"elementor-container elementor-column-gap-default\">\n\t\t\t\t\t<div class=\"elementor-column elementor-col-100 elementor-top-column elementor-element elementor-element-b9c2a62\" data-id=\"b9c2a62\" data-element_type=\"column\" data-e-type=\"column\">\n\t\t\t<div class=\"elementor-widget-wrap\">\n\t\t\t\t\t\t\t<\/div>\n\t\t<\/div>\n\t\t\t\t\t<\/div>\n\t\t<\/section>\n\t\t\t\t<\/div>\n\t\t","protected":false},"excerpt":{"rendered":"<p>Previous Next Hello World Saigon Khi t\u00f4i \u1edf Th\u00e0nh ph\u1ed1 H\u1ed3 Ch\u00ed Minh, t\u00f4i th\u00edch l\u00e0m vi\u1ec7c t\u1ea1i HELLO WORLD Saigon | V\u0103n ph\u00f2ng kh\u00f4ng gian l\u00e0m vi\u1ec7c chung. T\u00f4i r\u1ea5t khuy\u00ean b\u1ea1n n\u00ean kh\u00f4ng gian l\u00e0m vi\u1ec7c chung n\u00e0y. M\u1ecdi ng\u01b0\u1eddi r\u1ea5t t\u1ed1t b\u1ee5ng v\u00e0 chu \u0111\u00e1o. B\u1ea1n c\u00f3 th\u1ec3 g\u1eb7p r\u1ea5t nhi\u1ec1u ng\u01b0\u1eddi [&hellip;]<\/p>\n","protected":false},"author":1,"featured_media":0,"parent":1502,"menu_order":0,"comment_status":"closed","ping_status":"closed","template":"","meta":{"footnotes":""},"class_list":["post-1515","page","type-page","status-publish","hentry"],"yoast_head":"<!-- This site is optimized with the Yoast SEO plugin v27.0 - https:\/\/yoast.com\/product\/yoast-seo-wordpress\/ -->\n<title>Coworking office - SaigonMe<\/title>\n<meta name=\"description\" content=\"Khi t\u00f4i \u1edf th\u00e0nh ph\u1ed1 H\u1ed3 Ch\u00ed Minh, t\u00f4i th\u00edch l\u00e0m vi\u1ec7c trong v\u0103n ph\u00f2ng coworking Hello World Saigon. T\u00f4i r\u1ea5t khuy\u00ean b\u1ea1n n\u00ean n\u01a1i n\u00e0y.\" \/>\n<meta name=\"robots\" content=\"index, follow, max-snippet:-1, max-image-preview:large, max-video-preview:-1\" \/>\n<link rel=\"canonical\" href=\"https:\/\/saigonme.eu\/vi\/kinh-doanh-tai-ho-chi-minh\/coworking\/\" \/>\n<meta property=\"og:locale\" content=\"vi_VN\" \/>\n<meta property=\"og:type\" content=\"article\" \/>\n<meta property=\"og:title\" content=\"Coworking office - SaigonMe\" \/>\n<meta property=\"og:description\" content=\"Khi t\u00f4i \u1edf th\u00e0nh ph\u1ed1 H\u1ed3 Ch\u00ed Minh, t\u00f4i th\u00edch l\u00e0m vi\u1ec7c trong v\u0103n ph\u00f2ng coworking Hello World Saigon. T\u00f4i r\u1ea5t khuy\u00ean b\u1ea1n n\u00ean n\u01a1i n\u00e0y.\" \/>\n<meta property=\"og:url\" content=\"https:\/\/saigonme.eu\/vi\/kinh-doanh-tai-ho-chi-minh\/coworking\/\" \/>\n<meta property=\"og:site_name\" content=\"SaigonMe\" \/>\n<meta property=\"article:modified_time\" content=\"2022-10-05T15:09:09+00:00\" \/>\n<meta property=\"og:image\" content=\"http:\/\/saigonme.eu\/wp-content\/uploads\/2022\/10\/hel-sai-0-1.jpg\" \/>\n<meta name=\"twitter:card\" content=\"summary_large_image\" \/>\n<script type=\"application\/ld+json\" class=\"yoast-schema-graph\">{\"@context\":\"https:\/\/schema.org\",\"@graph\":[{\"@type\":\"WebPage\",\"@id\":\"https:\/\/saigonme.eu\/vi\/kinh-doanh-tai-ho-chi-minh\/coworking\/\",\"url\":\"https:\/\/saigonme.eu\/vi\/kinh-doanh-tai-ho-chi-minh\/coworking\/\",\"name\":\"Coworking office - SaigonMe\",\"isPartOf\":{\"@id\":\"https:\/\/saigonme.eu\/vi\/#website\"},\"primaryImageOfPage\":{\"@id\":\"https:\/\/saigonme.eu\/vi\/kinh-doanh-tai-ho-chi-minh\/coworking\/#primaryimage\"},\"image\":{\"@id\":\"https:\/\/saigonme.eu\/vi\/kinh-doanh-tai-ho-chi-minh\/coworking\/#primaryimage\"},\"thumbnailUrl\":\"http:\/\/saigonme.eu\/wp-content\/uploads\/2022\/10\/hel-sai-0-1.jpg\",\"datePublished\":\"2020-05-08T13:06:42+00:00\",\"dateModified\":\"2022-10-05T15:09:09+00:00\",\"description\":\"Khi t\u00f4i \u1edf th\u00e0nh ph\u1ed1 H\u1ed3 Ch\u00ed Minh, t\u00f4i th\u00edch l\u00e0m vi\u1ec7c trong v\u0103n ph\u00f2ng coworking Hello World Saigon. T\u00f4i r\u1ea5t khuy\u00ean b\u1ea1n n\u00ean n\u01a1i n\u00e0y.\",\"breadcrumb\":{\"@id\":\"https:\/\/saigonme.eu\/vi\/kinh-doanh-tai-ho-chi-minh\/coworking\/#breadcrumb\"},\"inLanguage\":\"vi-VN\",\"potentialAction\":[{\"@type\":\"ReadAction\",\"target\":[\"https:\/\/saigonme.eu\/vi\/kinh-doanh-tai-ho-chi-minh\/coworking\/\"]}]},{\"@type\":\"ImageObject\",\"inLanguage\":\"vi-VN\",\"@id\":\"https:\/\/saigonme.eu\/vi\/kinh-doanh-tai-ho-chi-minh\/coworking\/#primaryimage\",\"url\":\"http:\/\/saigonme.eu\/wp-content\/uploads\/2022\/10\/hel-sai-0-1.jpg\",\"contentUrl\":\"http:\/\/saigonme.eu\/wp-content\/uploads\/2022\/10\/hel-sai-0-1.jpg\"},{\"@type\":\"BreadcrumbList\",\"@id\":\"https:\/\/saigonme.eu\/vi\/kinh-doanh-tai-ho-chi-minh\/coworking\/#breadcrumb\",\"itemListElement\":[{\"@type\":\"ListItem\",\"position\":1,\"name\":\"Home\",\"item\":\"https:\/\/saigonme.eu\/vi\/saigonme\/\"},{\"@type\":\"ListItem\",\"position\":2,\"name\":\"Kinh doanh t\u1ea1i h\u1ed3 ch\u00ed minh\",\"item\":\"https:\/\/saigonme.eu\/vi\/kinh-doanh-tai-ho-chi-minh\/\"},{\"@type\":\"ListItem\",\"position\":3,\"name\":\"Coworking office\"}]},{\"@type\":\"WebSite\",\"@id\":\"https:\/\/saigonme.eu\/vi\/#website\",\"url\":\"https:\/\/saigonme.eu\/vi\/\",\"name\":\"SaigonMe\",\"description\":\"Your gateway to Ho Chi Minh City\",\"publisher\":{\"@id\":\"https:\/\/saigonme.eu\/vi\/#\/schema\/person\/4440e38fac732e7b1ace2523360a7c12\"},\"potentialAction\":[{\"@type\":\"SearchAction\",\"target\":{\"@type\":\"EntryPoint\",\"urlTemplate\":\"https:\/\/saigonme.eu\/vi\/?s={search_term_string}\"},\"query-input\":{\"@type\":\"PropertyValueSpecification\",\"valueRequired\":true,\"valueName\":\"search_term_string\"}}],\"inLanguage\":\"vi-VN\"},{\"@type\":[\"Person\",\"Organization\"],\"@id\":\"https:\/\/saigonme.eu\/vi\/#\/schema\/person\/4440e38fac732e7b1ace2523360a7c12\",\"name\":\"SaigonMe\",\"image\":{\"@type\":\"ImageObject\",\"inLanguage\":\"vi-VN\",\"@id\":\"https:\/\/saigonme.eu\/vi\/#\/schema\/person\/image\/\",\"url\":\"http:\/\/saigonme.eu\/wp-content\/uploads\/2022\/03\/logo-leicht-1.png\",\"contentUrl\":\"http:\/\/saigonme.eu\/wp-content\/uploads\/2022\/03\/logo-leicht-1.png\",\"width\":377,\"height\":118,\"caption\":\"SaigonMe\"},\"logo\":{\"@id\":\"https:\/\/saigonme.eu\/vi\/#\/schema\/person\/image\/\"}}]}<\/script>\n<!-- \/ Yoast SEO plugin. -->","yoast_head_json":{"title":"Coworking office - SaigonMe","description":"Khi t\u00f4i \u1edf th\u00e0nh ph\u1ed1 H\u1ed3 Ch\u00ed Minh, t\u00f4i th\u00edch l\u00e0m vi\u1ec7c trong v\u0103n ph\u00f2ng coworking Hello World Saigon. T\u00f4i r\u1ea5t khuy\u00ean b\u1ea1n n\u00ean n\u01a1i n\u00e0y.","robots":{"index":"index","follow":"follow","max-snippet":"max-snippet:-1","max-image-preview":"max-image-preview:large","max-video-preview":"max-video-preview:-1"},"canonical":"https:\/\/saigonme.eu\/vi\/kinh-doanh-tai-ho-chi-minh\/coworking\/","og_locale":"vi_VN","og_type":"article","og_title":"Coworking office - SaigonMe","og_description":"Khi t\u00f4i \u1edf th\u00e0nh ph\u1ed1 H\u1ed3 Ch\u00ed Minh, t\u00f4i th\u00edch l\u00e0m vi\u1ec7c trong v\u0103n ph\u00f2ng coworking Hello World Saigon. T\u00f4i r\u1ea5t khuy\u00ean b\u1ea1n n\u00ean n\u01a1i n\u00e0y.","og_url":"https:\/\/saigonme.eu\/vi\/kinh-doanh-tai-ho-chi-minh\/coworking\/","og_site_name":"SaigonMe","article_modified_time":"2022-10-05T15:09:09+00:00","og_image":[{"url":"http:\/\/saigonme.eu\/wp-content\/uploads\/2022\/10\/hel-sai-0-1.jpg","type":"","width":"","height":""}],"twitter_card":"summary_large_image","schema":{"@context":"https:\/\/schema.org","@graph":[{"@type":"WebPage","@id":"https:\/\/saigonme.eu\/vi\/kinh-doanh-tai-ho-chi-minh\/coworking\/","url":"https:\/\/saigonme.eu\/vi\/kinh-doanh-tai-ho-chi-minh\/coworking\/","name":"Coworking office - SaigonMe","isPartOf":{"@id":"https:\/\/saigonme.eu\/vi\/#website"},"primaryImageOfPage":{"@id":"https:\/\/saigonme.eu\/vi\/kinh-doanh-tai-ho-chi-minh\/coworking\/#primaryimage"},"image":{"@id":"https:\/\/saigonme.eu\/vi\/kinh-doanh-tai-ho-chi-minh\/coworking\/#primaryimage"},"thumbnailUrl":"http:\/\/saigonme.eu\/wp-content\/uploads\/2022\/10\/hel-sai-0-1.jpg","datePublished":"2020-05-08T13:06:42+00:00","dateModified":"2022-10-05T15:09:09+00:00","description":"Khi t\u00f4i \u1edf th\u00e0nh ph\u1ed1 H\u1ed3 Ch\u00ed Minh, t\u00f4i th\u00edch l\u00e0m vi\u1ec7c trong v\u0103n ph\u00f2ng coworking Hello World Saigon. T\u00f4i r\u1ea5t khuy\u00ean b\u1ea1n n\u00ean n\u01a1i n\u00e0y.","breadcrumb":{"@id":"https:\/\/saigonme.eu\/vi\/kinh-doanh-tai-ho-chi-minh\/coworking\/#breadcrumb"},"inLanguage":"vi-VN","potentialAction":[{"@type":"ReadAction","target":["https:\/\/saigonme.eu\/vi\/kinh-doanh-tai-ho-chi-minh\/coworking\/"]}]},{"@type":"ImageObject","inLanguage":"vi-VN","@id":"https:\/\/saigonme.eu\/vi\/kinh-doanh-tai-ho-chi-minh\/coworking\/#primaryimage","url":"http:\/\/saigonme.eu\/wp-content\/uploads\/2022\/10\/hel-sai-0-1.jpg","contentUrl":"http:\/\/saigonme.eu\/wp-content\/uploads\/2022\/10\/hel-sai-0-1.jpg"},{"@type":"BreadcrumbList","@id":"https:\/\/saigonme.eu\/vi\/kinh-doanh-tai-ho-chi-minh\/coworking\/#breadcrumb","itemListElement":[{"@type":"ListItem","position":1,"name":"Home","item":"https:\/\/saigonme.eu\/vi\/saigonme\/"},{"@type":"ListItem","position":2,"name":"Kinh doanh t\u1ea1i h\u1ed3 ch\u00ed minh","item":"https:\/\/saigonme.eu\/vi\/kinh-doanh-tai-ho-chi-minh\/"},{"@type":"ListItem","position":3,"name":"Coworking office"}]},{"@type":"WebSite","@id":"https:\/\/saigonme.eu\/vi\/#website","url":"https:\/\/saigonme.eu\/vi\/","name":"SaigonMe","description":"Your gateway to Ho Chi Minh City","publisher":{"@id":"https:\/\/saigonme.eu\/vi\/#\/schema\/person\/4440e38fac732e7b1ace2523360a7c12"},"potentialAction":[{"@type":"SearchAction","target":{"@type":"EntryPoint","urlTemplate":"https:\/\/saigonme.eu\/vi\/?s={search_term_string}"},"query-input":{"@type":"PropertyValueSpecification","valueRequired":true,"valueName":"search_term_string"}}],"inLanguage":"vi-VN"},{"@type":["Person","Organization"],"@id":"https:\/\/saigonme.eu\/vi\/#\/schema\/person\/4440e38fac732e7b1ace2523360a7c12","name":"SaigonMe","image":{"@type":"ImageObject","inLanguage":"vi-VN","@id":"https:\/\/saigonme.eu\/vi\/#\/schema\/person\/image\/","url":"http:\/\/saigonme.eu\/wp-content\/uploads\/2022\/03\/logo-leicht-1.png","contentUrl":"http:\/\/saigonme.eu\/wp-content\/uploads\/2022\/03\/logo-leicht-1.png","width":377,"height":118,"caption":"SaigonMe"},"logo":{"@id":"https:\/\/saigonme.eu\/vi\/#\/schema\/person\/image\/"}}]}},"_links":{"self":[{"href":"https:\/\/saigonme.eu\/vi\/wp-json\/wp\/v2\/pages\/1515","targetHints":{"allow":["GET"]}}],"collection":[{"href":"https:\/\/saigonme.eu\/vi\/wp-json\/wp\/v2\/pages"}],"about":[{"href":"https:\/\/saigonme.eu\/vi\/wp-json\/wp\/v2\/types\/page"}],"author":[{"embeddable":true,"href":"https:\/\/saigonme.eu\/vi\/wp-json\/wp\/v2\/users\/1"}],"replies":[{"embeddable":true,"href":"https:\/\/saigonme.eu\/vi\/wp-json\/wp\/v2\/comments?post=1515"}],"version-history":[{"count":0,"href":"https:\/\/saigonme.eu\/vi\/wp-json\/wp\/v2\/pages\/1515\/revisions"}],"up":[{"embeddable":true,"href":"https:\/\/saigonme.eu\/vi\/wp-json\/wp\/v2\/pages\/1502"}],"wp:attachment":[{"href":"https:\/\/saigonme.eu\/vi\/wp-json\/wp\/v2\/media?parent=1515"}],"curies":[{"name":"wp","href":"https:\/\/api.w.org\/{rel}","templated":true}]}}