{"id":1519,"date":"2020-05-08T15:07:19","date_gmt":"2020-05-08T13:07:19","guid":{"rendered":"http:\/\/ho-chi-minh-city.eu\/kinh-doanh-tai-ho-chi-minh\/du-an\/"},"modified":"2023-11-29T14:47:56","modified_gmt":"2023-11-29T13:47:56","slug":"du-an","status":"publish","type":"page","link":"https:\/\/saigonme.eu\/vi\/kinh-doanh-tai-ho-chi-minh\/du-an\/","title":{"rendered":"D\u1ef1 \u00e1n"},"content":{"rendered":"\t\t<div data-elementor-type=\"wp-page\" data-elementor-id=\"1519\" class=\"elementor elementor-1519\" data-elementor-post-type=\"page\">\n\t\t\t\t\t\t<section class=\"elementor-section elementor-top-section elementor-element elementor-element-484ee5d0 elementor-section-boxed elementor-section-height-default elementor-section-height-default\" data-id=\"484ee5d0\" data-element_type=\"section\" data-e-type=\"section\">\n\t\t\t\t\t\t<div class=\"elementor-container elementor-column-gap-default\">\n\t\t\t\t\t<div class=\"elementor-column elementor-col-100 elementor-top-column elementor-element elementor-element-36756868\" data-id=\"36756868\" data-element_type=\"column\" data-e-type=\"column\">\n\t\t\t<div class=\"elementor-widget-wrap elementor-element-populated\">\n\t\t\t\t\t\t<div class=\"elementor-element elementor-element-408e54eb elementor-widget-divider--view-line_text elementor-widget-divider--element-align-center elementor-widget elementor-widget-divider\" data-id=\"408e54eb\" data-element_type=\"widget\" data-e-type=\"widget\" data-widget_type=\"divider.default\">\n\t\t\t\t<div class=\"elementor-widget-container\">\n\t\t\t\t\t\t\t<div class=\"elementor-divider\">\n\t\t\t<span class=\"elementor-divider-separator\">\n\t\t\t\t\t\t\t<span class=\"elementor-divider__text elementor-divider__element\">\n\t\t\t\t<h1>D\u1ef1 \u00e1n<\/h1>\t\t\t\t<\/span>\n\t\t\t\t\t\t<\/span>\n\t\t<\/div>\n\t\t\t\t\t\t<\/div>\n\t\t\t\t<\/div>\n\t\t\t\t\t<\/div>\n\t\t<\/div>\n\t\t\t\t\t<\/div>\n\t\t<\/section>\n\t\t\t\t<section class=\"elementor-section elementor-top-section elementor-element elementor-element-b58275e elementor-section-boxed elementor-section-height-default elementor-section-height-default\" data-id=\"b58275e\" data-element_type=\"section\" data-e-type=\"section\">\n\t\t\t\t\t\t<div class=\"elementor-container elementor-column-gap-default\">\n\t\t\t\t\t<div class=\"elementor-column elementor-col-50 elementor-top-column elementor-element elementor-element-cbd03c9\" data-id=\"cbd03c9\" data-element_type=\"column\" data-e-type=\"column\">\n\t\t\t<div class=\"elementor-widget-wrap elementor-element-populated\">\n\t\t\t\t\t\t<div class=\"elementor-element elementor-element-c05fec1 elementor-widget elementor-widget-image\" data-id=\"c05fec1\" data-element_type=\"widget\" data-e-type=\"widget\" data-widget_type=\"image.default\">\n\t\t\t\t<div class=\"elementor-widget-container\">\n\t\t\t\t\t\t\t\t\t\t\t\t\t\t\t<img fetchpriority=\"high\" decoding=\"async\" width=\"800\" height=\"573\" src=\"https:\/\/saigonme.eu\/wp-content\/uploads\/2020\/04\/pt-cafe-1024x734.jpg\" class=\"attachment-large size-large wp-image-2023\" alt=\"\" srcset=\"https:\/\/saigonme.eu\/wp-content\/uploads\/2020\/04\/pt-cafe-1024x734.jpg 1024w, https:\/\/saigonme.eu\/wp-content\/uploads\/2020\/04\/pt-cafe-300x215.jpg 300w, https:\/\/saigonme.eu\/wp-content\/uploads\/2020\/04\/pt-cafe-768x550.jpg 768w, https:\/\/saigonme.eu\/wp-content\/uploads\/2020\/04\/pt-cafe.jpg 1200w\" sizes=\"(max-width: 800px) 100vw, 800px\" \/>\t\t\t\t\t\t\t\t\t\t\t\t\t\t\t<\/div>\n\t\t\t\t<\/div>\n\t\t\t\t\t<\/div>\n\t\t<\/div>\n\t\t\t\t<div class=\"elementor-column elementor-col-50 elementor-top-column elementor-element elementor-element-96459a0\" data-id=\"96459a0\" data-element_type=\"column\" data-e-type=\"column\">\n\t\t\t<div class=\"elementor-widget-wrap elementor-element-populated\">\n\t\t\t\t\t\t<div class=\"elementor-element elementor-element-8b3e4ef elementor-widget__width-auto elementor-absolute elementor-hidden-tablet elementor-hidden-phone elementor-view-default elementor-widget elementor-widget-icon\" data-id=\"8b3e4ef\" data-element_type=\"widget\" data-e-type=\"widget\" data-settings=\"{&quot;_position&quot;:&quot;absolute&quot;}\" data-widget_type=\"icon.default\">\n\t\t\t\t<div class=\"elementor-widget-container\">\n\t\t\t\t\t\t\t<div class=\"elementor-icon-wrapper\">\n\t\t\t<a class=\"elementor-icon\" href=\"#down\">\n\t\t\t<svg xmlns=\"http:\/\/www.w3.org\/2000\/svg\" id=\"ec6ca7c9-bfc0-4ab1-87c3-ea5e815431b5\" data-name=\"Layer 1\" width=\"14.4853\" height=\"44.2426\" viewBox=\"0 0 14.4853 44.2426\"><title>Arrow-home<\/title><polygon points=\"13.071 35.454 8.242 40.283 8.243 0 6.243 0 6.242 40.585 1.414 35.757 0 37.172 7.071 44.243 7.394 43.919 7.414 43.94 14.485 36.868 13.071 35.454\" style=\"fill-rule:evenodd\"><\/polygon><\/svg>\t\t\t<\/a>\n\t\t<\/div>\n\t\t\t\t\t\t<\/div>\n\t\t\t\t<\/div>\n\t\t\t\t<div class=\"elementor-element elementor-element-5fd9232 elementor-widget elementor-widget-text-editor\" data-id=\"5fd9232\" data-element_type=\"widget\" data-e-type=\"widget\" data-widget_type=\"text-editor.default\">\n\t\t\t\t<div class=\"elementor-widget-container\">\n\t\t\t\t\t\t\t\t\t<h2>T\u00f4i hi\u1ec7n \u0111ang t\u00ecm ki\u1ebfm m\u1ed9t \u0111\u1ed1i t\u00e1c \u0111\u1ec3 s\u1ea3n xu\u1ea5t h\u00e0ng d\u1ec7t may th\u1ec3 thao ch\u1ea5t l\u01b0\u1ee3ng cao t\u1ea1i th\u00e0nh ph\u1ed1 H\u1ed3 Ch\u00ed Minh.<\/h2>\n<p>\u0110\u00f3 l\u00e0 v\u1ec1 s\u1ea3n xu\u1ea5t \u00e1o m\u01b0a ch\u1ea5t l\u01b0\u1ee3ng cao. Kh\u1ed1i l\u01b0\u1ee3ng \u0111\u1eb7t h\u00e0ng ch\u1ec9 l\u00e0 100-200 mi\u1ebfng.<\/p>\n<p>T\u00f4i \u0111\u00e3 l\u00e0m vi\u1ec7c cho c\u00e1c th\u01b0\u01a1ng hi\u1ec7u th\u1ec3 thao nh\u01b0 Oakley, Timberland, O&#8217;Neill v\u00e0 t\u00f4i bi\u1ebft r\u1ea5t r\u00f5 ng\u00e0nh th\u1ec3 thao. T\u00f4i c\u00f3 li\u00ean h\u1ec7 t\u1ed1t trong chi nh\u00e1nh n\u00e0y v\u00e0 n\u1ebfu ch\u1ea5t l\u01b0\u1ee3ng r\u1ea5t t\u1ed1t, ch\u00fang ta c\u00f3 th\u1ec3 n\u00f3i v\u1ec1 s\u1ed1 l\u01b0\u1ee3ng l\u1edbn h\u01a1n.<\/p>\n<p>T\u00f4i th\u00edch c\u00e1c c\u00f4ng ty s\u1ea3n xu\u1ea5t nh\u1ecf h\u01a1n.<\/p>\n<p>Xin \u0111\u1eebng ng\u1ea7n ng\u1ea1i li\u00ean h\u1ec7 v\u1edbi t\u00f4i.<\/p>\n<p>Quan t\u00e2m t\u1ed1t \u0111\u1eb9p, Patrick t\u1eeb SaigonMe<\/p>\n<p>E-mail: <a href=\"mailto:patrick@ho-chi-minh-city.eu\">patrick@ho-chi-minh-city.eu<\/a><\/p>\n\t\t\t\t\t\t\t\t<\/div>\n\t\t\t\t<\/div>\n\t\t\t\t\t<\/div>\n\t\t<\/div>\n\t\t\t\t\t<\/div>\n\t\t<\/section>\n\t\t\t\t<section class=\"elementor-section elementor-top-section elementor-element elementor-element-b358e46 elementor-section-boxed elementor-section-height-default elementor-section-height-default\" data-id=\"b358e46\" data-element_type=\"section\" data-e-type=\"section\">\n\t\t\t\t\t\t<div class=\"elementor-container elementor-column-gap-default\">\n\t\t\t\t\t<div class=\"elementor-column elementor-col-100 elementor-top-column elementor-element elementor-element-d698611\" data-id=\"d698611\" data-element_type=\"column\" data-e-type=\"column\">\n\t\t\t<div class=\"elementor-widget-wrap elementor-element-populated\">\n\t\t\t\t\t\t<div class=\"elementor-element elementor-element-a6739a9 elementor-widget-divider--view-line elementor-widget elementor-widget-divider\" data-id=\"a6739a9\" data-element_type=\"widget\" data-e-type=\"widget\" data-widget_type=\"divider.default\">\n\t\t\t\t<div class=\"elementor-widget-container\">\n\t\t\t\t\t\t\t<div class=\"elementor-divider\">\n\t\t\t<span class=\"elementor-divider-separator\">\n\t\t\t\t\t\t<\/span>\n\t\t<\/div>\n\t\t\t\t\t\t<\/div>\n\t\t\t\t<\/div>\n\t\t\t\t\t<\/div>\n\t\t<\/div>\n\t\t\t\t\t<\/div>\n\t\t<\/section>\n\t\t\t\t<section class=\"elementor-section elementor-top-section elementor-element elementor-element-6e10b31 elementor-section-boxed elementor-section-height-default elementor-section-height-default\" data-id=\"6e10b31\" data-element_type=\"section\" data-e-type=\"section\">\n\t\t\t\t\t\t<div class=\"elementor-container elementor-column-gap-default\">\n\t\t\t\t\t<div class=\"elementor-column elementor-col-50 elementor-top-column elementor-element elementor-element-a6e554f\" data-id=\"a6e554f\" data-element_type=\"column\" data-e-type=\"column\">\n\t\t\t<div class=\"elementor-widget-wrap elementor-element-populated\">\n\t\t\t\t\t\t<div class=\"elementor-element elementor-element-3015394 elementor-widget elementor-widget-text-editor\" data-id=\"3015394\" data-element_type=\"widget\" data-e-type=\"widget\" data-widget_type=\"text-editor.default\">\n\t\t\t\t<div class=\"elementor-widget-container\">\n\t\t\t\t\t\t\t\t\t<h2><span style=\"color: #e44650;\">N\u1ebfu b\u1ea1n c\u00f3 m\u1ed9t d\u1ef1 \u00e1n th\u00fa v\u1ecb v\u00e0 b\u1ea1n \u0111ang t\u00ecm ki\u1ebfm \u0111\u1ed1i t\u00e1c, t\u00f4i c\u00f3 th\u1ec3 \u0111\u0103ng n\u00f3 \u1edf \u0111\u00e2y. Mi\u1ec5n ph\u00ed.<\/span><\/h2>\n<p>Xin \u0111\u1eebng ng\u1ea7n ng\u1ea1i li\u00ean h\u1ec7 v\u1edbi t\u00f4i.<\/p>\n<p>Patrick<\/p>\n<p>E-mail: <a href=\"mailto:patrick@ho-chi-minh-city.eu\">patrick@ho-chi-minh-city.eu<\/a><\/p>\n\t\t\t\t\t\t\t\t<\/div>\n\t\t\t\t<\/div>\n\t\t\t\t<div class=\"elementor-element elementor-element-731b0ab elementor-widget elementor-widget-menu-anchor\" data-id=\"731b0ab\" data-element_type=\"widget\" data-e-type=\"widget\" data-widget_type=\"menu-anchor.default\">\n\t\t\t\t<div class=\"elementor-widget-container\">\n\t\t\t\t\t\t\t<div class=\"elementor-menu-anchor\" id=\"down\"><\/div>\n\t\t\t\t\t\t<\/div>\n\t\t\t\t<\/div>\n\t\t\t\t\t<\/div>\n\t\t<\/div>\n\t\t\t\t<div class=\"elementor-column elementor-col-50 elementor-top-column elementor-element elementor-element-5712546\" data-id=\"5712546\" data-element_type=\"column\" data-e-type=\"column\">\n\t\t\t<div class=\"elementor-widget-wrap elementor-element-populated\">\n\t\t\t\t\t\t<div class=\"elementor-element elementor-element-4edd702 elementor-widget elementor-widget-image\" data-id=\"4edd702\" data-element_type=\"widget\" data-e-type=\"widget\" data-widget_type=\"image.default\">\n\t\t\t\t<div class=\"elementor-widget-container\">\n\t\t\t\t\t\t\t\t\t\t\t\t\t\t\t<img decoding=\"async\" width=\"800\" height=\"573\" src=\"https:\/\/saigonme.eu\/wp-content\/uploads\/2020\/04\/handshake-1024x733.jpg\" class=\"attachment-large size-large wp-image-1950\" alt=\"\" srcset=\"https:\/\/saigonme.eu\/wp-content\/uploads\/2020\/04\/handshake-1024x733.jpg 1024w, https:\/\/saigonme.eu\/wp-content\/uploads\/2020\/04\/handshake-300x215.jpg 300w, https:\/\/saigonme.eu\/wp-content\/uploads\/2020\/04\/handshake-768x550.jpg 768w, https:\/\/saigonme.eu\/wp-content\/uploads\/2020\/04\/handshake.jpg 1200w\" sizes=\"(max-width: 800px) 100vw, 800px\" \/>\t\t\t\t\t\t\t\t\t\t\t\t\t\t\t<\/div>\n\t\t\t\t<\/div>\n\t\t\t\t\t<\/div>\n\t\t<\/div>\n\t\t\t\t\t<\/div>\n\t\t<\/section>\n\t\t\t\t<\/div>\n\t\t","protected":false},"excerpt":{"rendered":"<p>Arrow-home T\u00f4i hi\u1ec7n \u0111ang t\u00ecm ki\u1ebfm m\u1ed9t \u0111\u1ed1i t\u00e1c \u0111\u1ec3 s\u1ea3n xu\u1ea5t h\u00e0ng d\u1ec7t may th\u1ec3 thao ch\u1ea5t l\u01b0\u1ee3ng cao t\u1ea1i th\u00e0nh ph\u1ed1 H\u1ed3 Ch\u00ed Minh. \u0110\u00f3 l\u00e0 v\u1ec1 s\u1ea3n xu\u1ea5t \u00e1o m\u01b0a ch\u1ea5t l\u01b0\u1ee3ng cao. Kh\u1ed1i l\u01b0\u1ee3ng \u0111\u1eb7t h\u00e0ng ch\u1ec9 l\u00e0 100-200 mi\u1ebfng. T\u00f4i \u0111\u00e3 l\u00e0m vi\u1ec7c cho c\u00e1c th\u01b0\u01a1ng hi\u1ec7u th\u1ec3 thao nh\u01b0 [&hellip;]<\/p>\n","protected":false},"author":1,"featured_media":0,"parent":1502,"menu_order":0,"comment_status":"closed","ping_status":"closed","template":"","meta":{"footnotes":""},"class_list":["post-1519","page","type-page","status-publish","hentry"],"yoast_head":"<!-- This site is optimized with the Yoast SEO plugin v27.4 - https:\/\/yoast.com\/product\/yoast-seo-wordpress\/ -->\n<title>D\u1ef1 \u00e1n - SaigonMe<\/title>\n<meta name=\"robots\" content=\"index, follow, max-snippet:-1, max-image-preview:large, max-video-preview:-1\" \/>\n<link rel=\"canonical\" href=\"https:\/\/saigonme.eu\/vi\/kinh-doanh-tai-ho-chi-minh\/du-an\/\" \/>\n<meta property=\"og:locale\" content=\"vi_VN\" \/>\n<meta property=\"og:type\" content=\"article\" \/>\n<meta property=\"og:title\" content=\"D\u1ef1 \u00e1n - SaigonMe\" \/>\n<meta property=\"og:description\" content=\"Arrow-home T\u00f4i hi\u1ec7n \u0111ang t\u00ecm ki\u1ebfm m\u1ed9t \u0111\u1ed1i t\u00e1c \u0111\u1ec3 s\u1ea3n xu\u1ea5t h\u00e0ng d\u1ec7t may th\u1ec3 thao ch\u1ea5t l\u01b0\u1ee3ng cao t\u1ea1i th\u00e0nh ph\u1ed1 H\u1ed3 Ch\u00ed Minh. \u0110\u00f3 l\u00e0 v\u1ec1 s\u1ea3n xu\u1ea5t \u00e1o m\u01b0a ch\u1ea5t l\u01b0\u1ee3ng cao. Kh\u1ed1i l\u01b0\u1ee3ng \u0111\u1eb7t h\u00e0ng ch\u1ec9 l\u00e0 100-200 mi\u1ebfng. T\u00f4i \u0111\u00e3 l\u00e0m vi\u1ec7c cho c\u00e1c th\u01b0\u01a1ng hi\u1ec7u th\u1ec3 thao nh\u01b0 [&hellip;]\" \/>\n<meta property=\"og:url\" content=\"https:\/\/saigonme.eu\/vi\/kinh-doanh-tai-ho-chi-minh\/du-an\/\" \/>\n<meta property=\"og:site_name\" content=\"SaigonMe\" \/>\n<meta property=\"article:modified_time\" content=\"2023-11-29T13:47:56+00:00\" \/>\n<meta property=\"og:image\" content=\"http:\/\/saigonme.eu\/wp-content\/uploads\/2020\/04\/pt-cafe-1024x734.jpg\" \/>\n<meta name=\"twitter:card\" content=\"summary_large_image\" \/>\n<script type=\"application\/ld+json\" class=\"yoast-schema-graph\">{\"@context\":\"https:\\\/\\\/schema.org\",\"@graph\":[{\"@type\":\"WebPage\",\"@id\":\"https:\\\/\\\/saigonme.eu\\\/vi\\\/kinh-doanh-tai-ho-chi-minh\\\/du-an\\\/\",\"url\":\"https:\\\/\\\/saigonme.eu\\\/vi\\\/kinh-doanh-tai-ho-chi-minh\\\/du-an\\\/\",\"name\":\"D\u1ef1 \u00e1n - SaigonMe\",\"isPartOf\":{\"@id\":\"https:\\\/\\\/saigonme.eu\\\/vi\\\/#website\"},\"primaryImageOfPage\":{\"@id\":\"https:\\\/\\\/saigonme.eu\\\/vi\\\/kinh-doanh-tai-ho-chi-minh\\\/du-an\\\/#primaryimage\"},\"image\":{\"@id\":\"https:\\\/\\\/saigonme.eu\\\/vi\\\/kinh-doanh-tai-ho-chi-minh\\\/du-an\\\/#primaryimage\"},\"thumbnailUrl\":\"http:\\\/\\\/saigonme.eu\\\/wp-content\\\/uploads\\\/2020\\\/04\\\/pt-cafe-1024x734.jpg\",\"datePublished\":\"2020-05-08T13:07:19+00:00\",\"dateModified\":\"2023-11-29T13:47:56+00:00\",\"breadcrumb\":{\"@id\":\"https:\\\/\\\/saigonme.eu\\\/vi\\\/kinh-doanh-tai-ho-chi-minh\\\/du-an\\\/#breadcrumb\"},\"inLanguage\":\"vi-VN\",\"potentialAction\":[{\"@type\":\"ReadAction\",\"target\":[\"https:\\\/\\\/saigonme.eu\\\/vi\\\/kinh-doanh-tai-ho-chi-minh\\\/du-an\\\/\"]}]},{\"@type\":\"ImageObject\",\"inLanguage\":\"vi-VN\",\"@id\":\"https:\\\/\\\/saigonme.eu\\\/vi\\\/kinh-doanh-tai-ho-chi-minh\\\/du-an\\\/#primaryimage\",\"url\":\"http:\\\/\\\/saigonme.eu\\\/wp-content\\\/uploads\\\/2020\\\/04\\\/pt-cafe-1024x734.jpg\",\"contentUrl\":\"http:\\\/\\\/saigonme.eu\\\/wp-content\\\/uploads\\\/2020\\\/04\\\/pt-cafe-1024x734.jpg\"},{\"@type\":\"BreadcrumbList\",\"@id\":\"https:\\\/\\\/saigonme.eu\\\/vi\\\/kinh-doanh-tai-ho-chi-minh\\\/du-an\\\/#breadcrumb\",\"itemListElement\":[{\"@type\":\"ListItem\",\"position\":1,\"name\":\"Home\",\"item\":\"https:\\\/\\\/saigonme.eu\\\/vi\\\/saigonme\\\/\"},{\"@type\":\"ListItem\",\"position\":2,\"name\":\"Kinh doanh t\u1ea1i h\u1ed3 ch\u00ed minh\",\"item\":\"https:\\\/\\\/saigonme.eu\\\/vi\\\/kinh-doanh-tai-ho-chi-minh\\\/\"},{\"@type\":\"ListItem\",\"position\":3,\"name\":\"D\u1ef1 \u00e1n\"}]},{\"@type\":\"WebSite\",\"@id\":\"https:\\\/\\\/saigonme.eu\\\/vi\\\/#website\",\"url\":\"https:\\\/\\\/saigonme.eu\\\/vi\\\/\",\"name\":\"SaigonMe\",\"description\":\"Your gateway to Ho Chi Minh City\",\"publisher\":{\"@id\":\"https:\\\/\\\/saigonme.eu\\\/vi\\\/#\\\/schema\\\/person\\\/4440e38fac732e7b1ace2523360a7c12\"},\"potentialAction\":[{\"@type\":\"SearchAction\",\"target\":{\"@type\":\"EntryPoint\",\"urlTemplate\":\"https:\\\/\\\/saigonme.eu\\\/vi\\\/?s={search_term_string}\"},\"query-input\":{\"@type\":\"PropertyValueSpecification\",\"valueRequired\":true,\"valueName\":\"search_term_string\"}}],\"inLanguage\":\"vi-VN\"},{\"@type\":[\"Person\",\"Organization\"],\"@id\":\"https:\\\/\\\/saigonme.eu\\\/vi\\\/#\\\/schema\\\/person\\\/4440e38fac732e7b1ace2523360a7c12\",\"name\":\"SaigonMe\",\"image\":{\"@type\":\"ImageObject\",\"inLanguage\":\"vi-VN\",\"@id\":\"http:\\\/\\\/saigonme.eu\\\/wp-content\\\/uploads\\\/2022\\\/03\\\/logo-leicht-1.png\",\"url\":\"http:\\\/\\\/saigonme.eu\\\/wp-content\\\/uploads\\\/2022\\\/03\\\/logo-leicht-1.png\",\"contentUrl\":\"http:\\\/\\\/saigonme.eu\\\/wp-content\\\/uploads\\\/2022\\\/03\\\/logo-leicht-1.png\",\"width\":377,\"height\":118,\"caption\":\"SaigonMe\"},\"logo\":{\"@id\":\"http:\\\/\\\/saigonme.eu\\\/wp-content\\\/uploads\\\/2022\\\/03\\\/logo-leicht-1.png\"}}]}<\/script>\n<!-- \/ Yoast SEO plugin. -->","yoast_head_json":{"title":"D\u1ef1 \u00e1n - SaigonMe","robots":{"index":"index","follow":"follow","max-snippet":"max-snippet:-1","max-image-preview":"max-image-preview:large","max-video-preview":"max-video-preview:-1"},"canonical":"https:\/\/saigonme.eu\/vi\/kinh-doanh-tai-ho-chi-minh\/du-an\/","og_locale":"vi_VN","og_type":"article","og_title":"D\u1ef1 \u00e1n - SaigonMe","og_description":"Arrow-home T\u00f4i hi\u1ec7n \u0111ang t\u00ecm ki\u1ebfm m\u1ed9t \u0111\u1ed1i t\u00e1c \u0111\u1ec3 s\u1ea3n xu\u1ea5t h\u00e0ng d\u1ec7t may th\u1ec3 thao ch\u1ea5t l\u01b0\u1ee3ng cao t\u1ea1i th\u00e0nh ph\u1ed1 H\u1ed3 Ch\u00ed Minh. \u0110\u00f3 l\u00e0 v\u1ec1 s\u1ea3n xu\u1ea5t \u00e1o m\u01b0a ch\u1ea5t l\u01b0\u1ee3ng cao. Kh\u1ed1i l\u01b0\u1ee3ng \u0111\u1eb7t h\u00e0ng ch\u1ec9 l\u00e0 100-200 mi\u1ebfng. T\u00f4i \u0111\u00e3 l\u00e0m vi\u1ec7c cho c\u00e1c th\u01b0\u01a1ng hi\u1ec7u th\u1ec3 thao nh\u01b0 [&hellip;]","og_url":"https:\/\/saigonme.eu\/vi\/kinh-doanh-tai-ho-chi-minh\/du-an\/","og_site_name":"SaigonMe","article_modified_time":"2023-11-29T13:47:56+00:00","og_image":[{"url":"http:\/\/saigonme.eu\/wp-content\/uploads\/2020\/04\/pt-cafe-1024x734.jpg","type":"","width":"","height":""}],"twitter_card":"summary_large_image","schema":{"@context":"https:\/\/schema.org","@graph":[{"@type":"WebPage","@id":"https:\/\/saigonme.eu\/vi\/kinh-doanh-tai-ho-chi-minh\/du-an\/","url":"https:\/\/saigonme.eu\/vi\/kinh-doanh-tai-ho-chi-minh\/du-an\/","name":"D\u1ef1 \u00e1n - SaigonMe","isPartOf":{"@id":"https:\/\/saigonme.eu\/vi\/#website"},"primaryImageOfPage":{"@id":"https:\/\/saigonme.eu\/vi\/kinh-doanh-tai-ho-chi-minh\/du-an\/#primaryimage"},"image":{"@id":"https:\/\/saigonme.eu\/vi\/kinh-doanh-tai-ho-chi-minh\/du-an\/#primaryimage"},"thumbnailUrl":"http:\/\/saigonme.eu\/wp-content\/uploads\/2020\/04\/pt-cafe-1024x734.jpg","datePublished":"2020-05-08T13:07:19+00:00","dateModified":"2023-11-29T13:47:56+00:00","breadcrumb":{"@id":"https:\/\/saigonme.eu\/vi\/kinh-doanh-tai-ho-chi-minh\/du-an\/#breadcrumb"},"inLanguage":"vi-VN","potentialAction":[{"@type":"ReadAction","target":["https:\/\/saigonme.eu\/vi\/kinh-doanh-tai-ho-chi-minh\/du-an\/"]}]},{"@type":"ImageObject","inLanguage":"vi-VN","@id":"https:\/\/saigonme.eu\/vi\/kinh-doanh-tai-ho-chi-minh\/du-an\/#primaryimage","url":"http:\/\/saigonme.eu\/wp-content\/uploads\/2020\/04\/pt-cafe-1024x734.jpg","contentUrl":"http:\/\/saigonme.eu\/wp-content\/uploads\/2020\/04\/pt-cafe-1024x734.jpg"},{"@type":"BreadcrumbList","@id":"https:\/\/saigonme.eu\/vi\/kinh-doanh-tai-ho-chi-minh\/du-an\/#breadcrumb","itemListElement":[{"@type":"ListItem","position":1,"name":"Home","item":"https:\/\/saigonme.eu\/vi\/saigonme\/"},{"@type":"ListItem","position":2,"name":"Kinh doanh t\u1ea1i h\u1ed3 ch\u00ed minh","item":"https:\/\/saigonme.eu\/vi\/kinh-doanh-tai-ho-chi-minh\/"},{"@type":"ListItem","position":3,"name":"D\u1ef1 \u00e1n"}]},{"@type":"WebSite","@id":"https:\/\/saigonme.eu\/vi\/#website","url":"https:\/\/saigonme.eu\/vi\/","name":"SaigonMe","description":"Your gateway to Ho Chi Minh City","publisher":{"@id":"https:\/\/saigonme.eu\/vi\/#\/schema\/person\/4440e38fac732e7b1ace2523360a7c12"},"potentialAction":[{"@type":"SearchAction","target":{"@type":"EntryPoint","urlTemplate":"https:\/\/saigonme.eu\/vi\/?s={search_term_string}"},"query-input":{"@type":"PropertyValueSpecification","valueRequired":true,"valueName":"search_term_string"}}],"inLanguage":"vi-VN"},{"@type":["Person","Organization"],"@id":"https:\/\/saigonme.eu\/vi\/#\/schema\/person\/4440e38fac732e7b1ace2523360a7c12","name":"SaigonMe","image":{"@type":"ImageObject","inLanguage":"vi-VN","@id":"http:\/\/saigonme.eu\/wp-content\/uploads\/2022\/03\/logo-leicht-1.png","url":"http:\/\/saigonme.eu\/wp-content\/uploads\/2022\/03\/logo-leicht-1.png","contentUrl":"http:\/\/saigonme.eu\/wp-content\/uploads\/2022\/03\/logo-leicht-1.png","width":377,"height":118,"caption":"SaigonMe"},"logo":{"@id":"http:\/\/saigonme.eu\/wp-content\/uploads\/2022\/03\/logo-leicht-1.png"}}]}},"_links":{"self":[{"href":"https:\/\/saigonme.eu\/vi\/wp-json\/wp\/v2\/pages\/1519","targetHints":{"allow":["GET"]}}],"collection":[{"href":"https:\/\/saigonme.eu\/vi\/wp-json\/wp\/v2\/pages"}],"about":[{"href":"https:\/\/saigonme.eu\/vi\/wp-json\/wp\/v2\/types\/page"}],"author":[{"embeddable":true,"href":"https:\/\/saigonme.eu\/vi\/wp-json\/wp\/v2\/users\/1"}],"replies":[{"embeddable":true,"href":"https:\/\/saigonme.eu\/vi\/wp-json\/wp\/v2\/comments?post=1519"}],"version-history":[{"count":0,"href":"https:\/\/saigonme.eu\/vi\/wp-json\/wp\/v2\/pages\/1519\/revisions"}],"up":[{"embeddable":true,"href":"https:\/\/saigonme.eu\/vi\/wp-json\/wp\/v2\/pages\/1502"}],"wp:attachment":[{"href":"https:\/\/saigonme.eu\/vi\/wp-json\/wp\/v2\/media?parent=1519"}],"curies":[{"name":"wp","href":"https:\/\/api.w.org\/{rel}","templated":true}]}}