{"id":1766,"date":"2020-02-15T09:24:32","date_gmt":"2020-02-15T08:24:32","guid":{"rendered":"http:\/\/ho-chi-minh-city.eu\/thong-bao-phap-ly\/"},"modified":"2025-10-08T14:29:50","modified_gmt":"2025-10-08T12:29:50","slug":"legal-notice","status":"publish","type":"page","link":"https:\/\/saigonme.eu\/vi\/legal-notice\/","title":{"rendered":"Th\u00f4ng b\u00e1o ph\u00e1p l\u00fd"},"content":{"rendered":"\t\t<div data-elementor-type=\"wp-page\" data-elementor-id=\"1766\" class=\"elementor elementor-1766 elementor-373\" data-elementor-post-type=\"page\">\n\t\t\t\t\t\t<section class=\"elementor-section elementor-top-section elementor-element elementor-element-1994d4f9 elementor-section-boxed elementor-section-height-default elementor-section-height-default\" data-id=\"1994d4f9\" data-element_type=\"section\" data-e-type=\"section\">\n\t\t\t\t\t\t<div class=\"elementor-container elementor-column-gap-default\">\n\t\t\t\t\t<div class=\"elementor-column elementor-col-100 elementor-top-column elementor-element elementor-element-6c956f1e\" data-id=\"6c956f1e\" data-element_type=\"column\" data-e-type=\"column\">\n\t\t\t<div class=\"elementor-widget-wrap elementor-element-populated\">\n\t\t\t\t\t\t<div class=\"elementor-element elementor-element-476f9729 elementor-widget-divider--view-line_text elementor-widget-divider--element-align-center elementor-widget elementor-widget-divider\" data-id=\"476f9729\" data-element_type=\"widget\" data-e-type=\"widget\" data-widget_type=\"divider.default\">\n\t\t\t\t<div class=\"elementor-widget-container\">\n\t\t\t\t\t\t\t<div class=\"elementor-divider\">\n\t\t\t<span class=\"elementor-divider-separator\">\n\t\t\t\t\t\t\t<span class=\"elementor-divider__text elementor-divider__element\">\n\t\t\t\t<h1>Th\u00f4ng b\u00e1o ph\u00e1p l\u00fd<\/h1>\t\t\t\t<\/span>\n\t\t\t\t\t\t<\/span>\n\t\t<\/div>\n\t\t\t\t\t\t<\/div>\n\t\t\t\t<\/div>\n\t\t\t\t\t<\/div>\n\t\t<\/div>\n\t\t\t\t\t<\/div>\n\t\t<\/section>\n\t\t\t\t<section class=\"elementor-section elementor-top-section elementor-element elementor-element-658ee9d elementor-section-boxed elementor-section-height-default elementor-section-height-default\" data-id=\"658ee9d\" data-element_type=\"section\" data-e-type=\"section\">\n\t\t\t\t\t\t<div class=\"elementor-container elementor-column-gap-default\">\n\t\t\t\t\t<div class=\"elementor-column elementor-col-100 elementor-top-column elementor-element elementor-element-084c650\" data-id=\"084c650\" data-element_type=\"column\" data-e-type=\"column\">\n\t\t\t<div class=\"elementor-widget-wrap\">\n\t\t\t\t\t\t\t<\/div>\n\t\t<\/div>\n\t\t\t\t\t<\/div>\n\t\t<\/section>\n\t\t\t\t<section class=\"elementor-section elementor-top-section elementor-element elementor-element-8b5fa19 elementor-section-boxed elementor-section-height-default elementor-section-height-default\" data-id=\"8b5fa19\" data-element_type=\"section\" data-e-type=\"section\">\n\t\t\t\t\t\t<div class=\"elementor-container elementor-column-gap-default\">\n\t\t\t\t\t<div class=\"elementor-column elementor-col-50 elementor-top-column elementor-element elementor-element-56a7a06\" data-id=\"56a7a06\" data-element_type=\"column\" data-e-type=\"column\">\n\t\t\t<div class=\"elementor-widget-wrap elementor-element-populated\">\n\t\t\t\t\t\t<div class=\"elementor-element elementor-element-a6a6064 elementor-widget elementor-widget-text-editor\" data-id=\"a6a6064\" data-element_type=\"widget\" data-e-type=\"widget\" data-widget_type=\"text-editor.default\">\n\t\t\t\t<div class=\"elementor-widget-container\">\n\t\t\t\t\t\t\t\t\t<h3>C\u00f4ng b\u1ed1 ph\u00e1p l\u00fd<\/h3><p>Patrick Trarbach<br>c\/o Moto<br>Oefelestr.9<br>81543 Munich<\/p><h4>Th\u00f4ng tin li\u00ean h\u1ec7<\/h4><p>\u0110i\u1ec7n tho\u1ea1i: +49 [0] 89 51 91 96 36<br>Th\u01b0 \u0111i\u1ec7n t\u1eed: info@ho-chi-minh-city.eu<br>\u0110\u1ecba ch\u1ec9 Internet: <a href=\"http:\/\/ho-chi-minh-city.eu\" target=\"_blank\" rel=\"noopener\">http:\/\/ho-chi-minh-city.eu<\/a><\/p><h4>S\u1ed1 thu\u1ebf GTGT<\/h4><p>S\u1ed1 di\u1ec7n VAT trong accorance v\u1edbi m\u1ee5c 27 c\u1ee7a \u0110\u1ee9c VAT h\u00e0nh \u0111\u1ed9ng<\/p><p>DE283226977<\/p><h4>Disclaimer<\/h4><p><strong>Tr\u00e1ch nhi\u1ec7m n\u1ed9i dung<\/strong><\/p><p>N\u1ed9i dung c\u1ee7a c\u00e1c trang c\u1ee7a ch\u00fang t\u00f4i \u0111\u00e3 \u0111\u01b0\u1ee3c t\u1ea1o ra v\u1edbi s\u1ef1 ch\u0103m s\u00f3c t\u1ed1i \u0111a. Tuy nhi\u00ean, ch\u00fang t\u00f4i kh\u00f4ng th\u1ec3 \u0111\u1ea3m b\u1ea3o t\u00ednh ch\u00ednh x\u00e1c, \u0111\u1ea7y \u0111\u1ee7 ho\u1eb7c topicality c\u1ee7a n\u1ed9i dung. Theo quy \u0111\u1ecbnh c\u1ee7a ph\u00e1p lu\u1eadt, ch\u00fang t\u00f4i ch\u1ecbu tr\u00e1ch nhi\u1ec7m v\u1ec1 n\u1ed9i dung c\u1ee7a ch\u00fang t\u00f4i tr\u00ean c\u00e1c trang web n\u00e0y. Trong v\u1ea5n \u0111\u1ec1 n\u00e0y, xin l\u01b0u \u00fd r\u1eb1ng ch\u00fang t\u00f4i kh\u00f4ng c\u00f3 ngh\u0129a v\u1ee5 Gi\u00e1m s\u00e1t c\u00e1c th\u00f4ng tin \u0111\u01b0\u1ee3c truy\u1ec1n ho\u1eb7c l\u01b0u c\u1ee7a b\u00ean th\u1ee9 ba, ho\u1eb7c \u0111i\u1ec1u tra c\u00e1c tr\u01b0\u1eddng h\u1ee3p tr\u1ecf \u0111\u1ebfn ho\u1ea1t \u0111\u1ed9ng b\u1ea5t h\u1ee3p ph\u00e1p. Ngh\u0129a v\u1ee5 c\u1ee7a ch\u00fang t\u00f4i \u0111\u1ec3 lo\u1ea1i b\u1ecf ho\u1eb7c ng\u0103n ch\u1eb7n vi\u1ec7c s\u1eed d\u1ee5ng c\u00e1c th\u00f4ng tin theo lu\u1eadt th\u01b0\u1eddng \u0111\u01b0\u1ee3c \u00e1p d\u1ee5ng v\u1eabn kh\u00f4ng b\u1ecb \u1ea3nh h\u01b0\u1edfng b\u1edfi \u0111i\u1ec1u n\u00e0y nh\u01b0 m\u1ed9t \u00a7 \u00a7 8 \u0111\u1ebfn 10 c\u1ee7a \u0111\u1ea1o lu\u1eadt Telemedia (TMG).<\/p><p><strong>Tr\u00e1ch nhi\u1ec7m gi\u1ea3i tr\u00ecnh \u0111\u1ed1i v\u1edbi c\u00e1c li\u00ean k\u1ebft<\/strong><br>Tr\u00e1ch nhi\u1ec7m v\u1ec1 n\u1ed9i dung c\u1ee7a c\u00e1c li\u00ean k\u1ebft b\u00ean ngo\u00e0i (\u0111\u1ebfn c\u00e1c trang web c\u1ee7a b\u00ean th\u1ee9 ba) ho\u00e0n to\u00e0n thu\u1ed9c v\u1ec1 c\u00e1c nh\u00e0 \u0111i\u1ec1u h\u00e0nh c\u00e1c trang \u0111\u01b0\u1ee3c li\u00ean k\u1ebft. Kh\u00f4ng c\u00f3 vi ph\u1ea1m \u0111\u01b0\u1ee3c hi\u1ec3n nhi\u00ean cho ch\u00fang t\u00f4i t\u1ea1i th\u1eddi c\u1ee7a li\u00ean k\u1ebft. N\u1ebfu b\u1ea5t k\u1ef3 vi ph\u1ea1m ph\u00e1p l\u00fd tr\u1edf n\u00ean \u0111\u01b0\u1ee3c bi\u1ebft \u0111\u1ebfn v\u1edbi ch\u00fang t\u00f4i, ch\u00fang t\u00f4i s\u1ebd lo\u1ea1i b\u1ecf c\u00e1c li\u00ean k\u1ebft t\u01b0\u01a1ng \u1ee9ng ngay l\u1eadp t\u1ee9c.<\/p><p><strong>B\u1ea3n quy\u1ec1n<\/strong><br>C\u00e1c trang web c\u1ee7a ch\u00fang t\u00f4i v\u00e0 n\u1ed9i dung c\u1ee7a ch\u00fang ph\u1ea3i tu\u00e2n theo lu\u1eadt b\u1ea3n quy\u1ec1n c\u1ee7a \u0110\u1ee9c. Tr\u1eeb khi \u0111\u01b0\u1ee3c lu\u1eadt ph\u00e1p cho ph\u00e9p r\u00f5 r\u00e0ng, m\u1ecdi h\u00ecnh th\u1ee9c s\u1eed d\u1ee5ng, t\u00e1i t\u1ea1o ho\u1eb7c x\u1eed l\u00fd c\u00f4ng vi\u1ec7c ph\u1ea3i ch\u1ecbu s\u1ef1 b\u1ea3o v\u1ec7 b\u1ea3n quy\u1ec1n tr\u00ean c\u00e1c trang web c\u1ee7a ch\u00fang t\u00f4i y\u00eau c\u1ea7u s\u1ef1 \u0111\u1ed3ng \u00fd tr\u01b0\u1edbc c\u1ee7a ch\u1ee7 s\u1edf h\u1eefu t\u01b0\u01a1ng \u1ee9ng c\u1ee7a c\u00e1c quy\u1ec1n. T\u00e1i t\u1ea1o c\u00e1 nh\u00e2n c\u1ee7a t\u00e1c ph\u1ea9m ch\u1ec9 \u0111\u01b0\u1ee3c ph\u00e9p s\u1eed d\u1ee5ng ri\u00eang t\u01b0. C\u00e1c t\u00e0i li\u1ec7u t\u1eeb c\u00e1c trang n\u00e0y c\u00f3 b\u1ea3n quy\u1ec1n v\u00e0 b\u1ea5t k\u1ef3 vi\u1ec7c s\u1eed d\u1ee5ng tr\u00e1i ph\u00e9p n\u00e0o c\u00f3 th\u1ec3 vi ph\u1ea1m ph\u00e1p lu\u1eadt.<\/p><p><em>Ngu\u1ed3n: \u0110\u01b0\u1ee3c t\u1ea1o b\u1edfi tr\u00ecnh t\u1ea1o d\u1ea5u \u1ea5n <a class=\"grau\" role=\"link\" href=\"http:\/\/www.e-recht24.de\/\">e-recht24.de<\/a><\/em><\/p><p><em>Ngu\u1ed3n:: <a class=\"grau\" role=\"link\" href=\"http:\/\/www.e-recht24.de\/muster-disclaimer.htm\" target=\"_blank\" rel=\"noopener\">Tuy\u00ean b\u1ed1 mi\u1ec5n tr\u1eeb tr\u00e1ch nhi\u1ec7m<\/a> t\u1eeb eRecht24, c\u1ed5ng th\u00f4ng tin lu\u1eadt internet c\u1ee7a lu\u1eadt s\u01b0 S\u00f6ren Siebert<\/em><\/p>\t\t\t\t\t\t\t\t<\/div>\n\t\t\t\t<\/div>\n\t\t\t\t\t<\/div>\n\t\t<\/div>\n\t\t\t\t<div class=\"elementor-column elementor-col-50 elementor-top-column elementor-element elementor-element-7458ce6\" data-id=\"7458ce6\" data-element_type=\"column\" data-e-type=\"column\">\n\t\t\t<div class=\"elementor-widget-wrap\">\n\t\t\t\t\t\t\t<\/div>\n\t\t<\/div>\n\t\t\t\t\t<\/div>\n\t\t<\/section>\n\t\t\t\t<\/div>\n\t\t","protected":false},"excerpt":{"rendered":"<p>C\u00f4ng b\u1ed1 ph\u00e1p l\u00fd Patrick Trarbachc\/o MotoOefelestr.981543 Munich Th\u00f4ng tin li\u00ean h\u1ec7 \u0110i\u1ec7n tho\u1ea1i: +49 [0] 89 51 91 96 36Th\u01b0 \u0111i\u1ec7n t\u1eed: info@ho-chi-minh-city.eu\u0110\u1ecba ch\u1ec9 Internet: http:\/\/ho-chi-minh-city.eu S\u1ed1 thu\u1ebf GTGT S\u1ed1 di\u1ec7n VAT trong accorance v\u1edbi m\u1ee5c 27 c\u1ee7a \u0110\u1ee9c VAT h\u00e0nh \u0111\u1ed9ng DE283226977 Disclaimer Tr\u00e1ch nhi\u1ec7m n\u1ed9i dung N\u1ed9i dung c\u1ee7a c\u00e1c trang c\u1ee7a [&hellip;]<\/p>\n","protected":false},"author":1,"featured_media":0,"parent":0,"menu_order":0,"comment_status":"closed","ping_status":"closed","template":"","meta":{"footnotes":""},"class_list":["post-1766","page","type-page","status-publish","hentry"],"yoast_head":"<!-- This site is optimized with the Yoast SEO plugin v27.0 - https:\/\/yoast.com\/product\/yoast-seo-wordpress\/ -->\n<title>Th\u00f4ng b\u00e1o ph\u00e1p l\u00fd - SaigonMe<\/title>\n<meta name=\"description\" content=\"Legal Disclosure Information in accordance with Section 5 TMG\" \/>\n<meta name=\"robots\" content=\"noindex, follow\" \/>\n<meta property=\"og:locale\" content=\"vi_VN\" \/>\n<meta property=\"og:type\" content=\"article\" \/>\n<meta property=\"og:title\" content=\"Th\u00f4ng b\u00e1o ph\u00e1p l\u00fd - SaigonMe\" \/>\n<meta property=\"og:description\" content=\"Legal Disclosure Information in accordance with Section 5 TMG\" \/>\n<meta property=\"og:url\" content=\"https:\/\/saigonme.eu\/vi\/legal-notice\/\" \/>\n<meta property=\"og:site_name\" content=\"SaigonMe\" \/>\n<meta property=\"article:modified_time\" content=\"2025-10-08T12:29:50+00:00\" \/>\n<meta property=\"og:image\" content=\"https:\/\/saigonme.eu\/wp-content\/uploads\/2020\/02\/Radfahrerin-staubwedel-hcm.jpg\" \/>\n\t<meta property=\"og:image:width\" content=\"1600\" \/>\n\t<meta property=\"og:image:height\" content=\"1043\" \/>\n\t<meta property=\"og:image:type\" content=\"image\/jpeg\" \/>\n<meta name=\"twitter:card\" content=\"summary_large_image\" \/>\n<script type=\"application\/ld+json\" class=\"yoast-schema-graph\">{\"@context\":\"https:\/\/schema.org\",\"@graph\":[{\"@type\":\"WebPage\",\"@id\":\"https:\/\/saigonme.eu\/vi\/legal-notice\/\",\"url\":\"https:\/\/saigonme.eu\/vi\/legal-notice\/\",\"name\":\"Th\u00f4ng b\u00e1o ph\u00e1p l\u00fd - SaigonMe\",\"isPartOf\":{\"@id\":\"https:\/\/saigonme.eu\/vi\/#website\"},\"datePublished\":\"2020-02-15T08:24:32+00:00\",\"dateModified\":\"2025-10-08T12:29:50+00:00\",\"description\":\"Legal Disclosure Information in accordance with Section 5 TMG\",\"breadcrumb\":{\"@id\":\"https:\/\/saigonme.eu\/vi\/legal-notice\/#breadcrumb\"},\"inLanguage\":\"vi-VN\",\"potentialAction\":[{\"@type\":\"ReadAction\",\"target\":[\"https:\/\/saigonme.eu\/vi\/legal-notice\/\"]}]},{\"@type\":\"BreadcrumbList\",\"@id\":\"https:\/\/saigonme.eu\/vi\/legal-notice\/#breadcrumb\",\"itemListElement\":[{\"@type\":\"ListItem\",\"position\":1,\"name\":\"Home\",\"item\":\"https:\/\/saigonme.eu\/vi\/saigonme\/\"},{\"@type\":\"ListItem\",\"position\":2,\"name\":\"Th\u00f4ng b\u00e1o ph\u00e1p l\u00fd\"}]},{\"@type\":\"WebSite\",\"@id\":\"https:\/\/saigonme.eu\/vi\/#website\",\"url\":\"https:\/\/saigonme.eu\/vi\/\",\"name\":\"SaigonMe\",\"description\":\"Your gateway to Ho Chi Minh City\",\"publisher\":{\"@id\":\"https:\/\/saigonme.eu\/vi\/#\/schema\/person\/4440e38fac732e7b1ace2523360a7c12\"},\"potentialAction\":[{\"@type\":\"SearchAction\",\"target\":{\"@type\":\"EntryPoint\",\"urlTemplate\":\"https:\/\/saigonme.eu\/vi\/?s={search_term_string}\"},\"query-input\":{\"@type\":\"PropertyValueSpecification\",\"valueRequired\":true,\"valueName\":\"search_term_string\"}}],\"inLanguage\":\"vi-VN\"},{\"@type\":[\"Person\",\"Organization\"],\"@id\":\"https:\/\/saigonme.eu\/vi\/#\/schema\/person\/4440e38fac732e7b1ace2523360a7c12\",\"name\":\"SaigonMe\",\"image\":{\"@type\":\"ImageObject\",\"inLanguage\":\"vi-VN\",\"@id\":\"https:\/\/saigonme.eu\/vi\/#\/schema\/person\/image\/\",\"url\":\"http:\/\/saigonme.eu\/wp-content\/uploads\/2022\/03\/logo-leicht-1.png\",\"contentUrl\":\"http:\/\/saigonme.eu\/wp-content\/uploads\/2022\/03\/logo-leicht-1.png\",\"width\":377,\"height\":118,\"caption\":\"SaigonMe\"},\"logo\":{\"@id\":\"https:\/\/saigonme.eu\/vi\/#\/schema\/person\/image\/\"}}]}<\/script>\n<!-- \/ Yoast SEO plugin. -->","yoast_head_json":{"title":"Th\u00f4ng b\u00e1o ph\u00e1p l\u00fd - SaigonMe","description":"Legal Disclosure Information in accordance with Section 5 TMG","robots":{"index":"noindex","follow":"follow"},"og_locale":"vi_VN","og_type":"article","og_title":"Th\u00f4ng b\u00e1o ph\u00e1p l\u00fd - SaigonMe","og_description":"Legal Disclosure Information in accordance with Section 5 TMG","og_url":"https:\/\/saigonme.eu\/vi\/legal-notice\/","og_site_name":"SaigonMe","article_modified_time":"2025-10-08T12:29:50+00:00","og_image":[{"width":1600,"height":1043,"url":"https:\/\/saigonme.eu\/wp-content\/uploads\/2020\/02\/Radfahrerin-staubwedel-hcm.jpg","type":"image\/jpeg"}],"twitter_card":"summary_large_image","schema":{"@context":"https:\/\/schema.org","@graph":[{"@type":"WebPage","@id":"https:\/\/saigonme.eu\/vi\/legal-notice\/","url":"https:\/\/saigonme.eu\/vi\/legal-notice\/","name":"Th\u00f4ng b\u00e1o ph\u00e1p l\u00fd - SaigonMe","isPartOf":{"@id":"https:\/\/saigonme.eu\/vi\/#website"},"datePublished":"2020-02-15T08:24:32+00:00","dateModified":"2025-10-08T12:29:50+00:00","description":"Legal Disclosure Information in accordance with Section 5 TMG","breadcrumb":{"@id":"https:\/\/saigonme.eu\/vi\/legal-notice\/#breadcrumb"},"inLanguage":"vi-VN","potentialAction":[{"@type":"ReadAction","target":["https:\/\/saigonme.eu\/vi\/legal-notice\/"]}]},{"@type":"BreadcrumbList","@id":"https:\/\/saigonme.eu\/vi\/legal-notice\/#breadcrumb","itemListElement":[{"@type":"ListItem","position":1,"name":"Home","item":"https:\/\/saigonme.eu\/vi\/saigonme\/"},{"@type":"ListItem","position":2,"name":"Th\u00f4ng b\u00e1o ph\u00e1p l\u00fd"}]},{"@type":"WebSite","@id":"https:\/\/saigonme.eu\/vi\/#website","url":"https:\/\/saigonme.eu\/vi\/","name":"SaigonMe","description":"Your gateway to Ho Chi Minh City","publisher":{"@id":"https:\/\/saigonme.eu\/vi\/#\/schema\/person\/4440e38fac732e7b1ace2523360a7c12"},"potentialAction":[{"@type":"SearchAction","target":{"@type":"EntryPoint","urlTemplate":"https:\/\/saigonme.eu\/vi\/?s={search_term_string}"},"query-input":{"@type":"PropertyValueSpecification","valueRequired":true,"valueName":"search_term_string"}}],"inLanguage":"vi-VN"},{"@type":["Person","Organization"],"@id":"https:\/\/saigonme.eu\/vi\/#\/schema\/person\/4440e38fac732e7b1ace2523360a7c12","name":"SaigonMe","image":{"@type":"ImageObject","inLanguage":"vi-VN","@id":"https:\/\/saigonme.eu\/vi\/#\/schema\/person\/image\/","url":"http:\/\/saigonme.eu\/wp-content\/uploads\/2022\/03\/logo-leicht-1.png","contentUrl":"http:\/\/saigonme.eu\/wp-content\/uploads\/2022\/03\/logo-leicht-1.png","width":377,"height":118,"caption":"SaigonMe"},"logo":{"@id":"https:\/\/saigonme.eu\/vi\/#\/schema\/person\/image\/"}}]}},"_links":{"self":[{"href":"https:\/\/saigonme.eu\/vi\/wp-json\/wp\/v2\/pages\/1766","targetHints":{"allow":["GET"]}}],"collection":[{"href":"https:\/\/saigonme.eu\/vi\/wp-json\/wp\/v2\/pages"}],"about":[{"href":"https:\/\/saigonme.eu\/vi\/wp-json\/wp\/v2\/types\/page"}],"author":[{"embeddable":true,"href":"https:\/\/saigonme.eu\/vi\/wp-json\/wp\/v2\/users\/1"}],"replies":[{"embeddable":true,"href":"https:\/\/saigonme.eu\/vi\/wp-json\/wp\/v2\/comments?post=1766"}],"version-history":[{"count":0,"href":"https:\/\/saigonme.eu\/vi\/wp-json\/wp\/v2\/pages\/1766\/revisions"}],"wp:attachment":[{"href":"https:\/\/saigonme.eu\/vi\/wp-json\/wp\/v2\/media?parent=1766"}],"curies":[{"name":"wp","href":"https:\/\/api.w.org\/{rel}","templated":true}]}}